{"id":551,"date":"2025-01-15T09:31:40","date_gmt":"2025-01-15T07:31:40","guid":{"rendered":"https:\/\/abicoffee.fi\/?page_id=551"},"modified":"2025-01-15T09:36:17","modified_gmt":"2025-01-15T07:36:17","slug":"evastekaytanto","status":"publish","type":"page","link":"https:\/\/abicoffee.fi\/en\/evastekaytanto\/","title":{"rendered":"Cookie policy"},"content":{"rendered":"<div data-elementor-type=\"wp-page\" data-elementor-id=\"551\" class=\"elementor elementor-551\">\n\t\t\t\t<div class=\"elementor-element elementor-element-36dfc7e e-flex e-con-boxed e-con e-parent\" data-id=\"36dfc7e\" data-element_type=\"container\" data-e-type=\"container\">\n\t\t\t\t\t<div class=\"e-con-inner\">\n\t\t\t\t<div class=\"elementor-element elementor-element-ff00816 elementor-widget elementor-widget-html\" data-id=\"ff00816\" data-element_type=\"widget\" data-e-type=\"widget\" data-widget_type=\"html.default\">\n\t\t\t\t<div class=\"elementor-widget-container\">\n\t\t\t\t\t<style>\r\n    a.cky-banner-element {\r\n        padding: 8px 30px;\r\n        background: #F8F9FA;\r\n        color: #858A8F;\r\n        border: 1px solid #DEE2E6;\r\n        box-sizing: border-box;\r\n        border-radius: 2px;\r\n        cursor: pointer;\r\n}\r\n<\/style>\r\n<h1 class=\"cookie-policy-h1\">Cookie policy<\/h1>\r\n<p>\r\n    Voimaantulop\u00e4iv\u00e4: 15-Jan-2025 <br>\r\n    Viimeksi p\u00e4ivitetty: 15-Jan-2025\r\n<\/p>\r\n\r\n&nbsp;\r\n<h5>Mit\u00e4 ev\u00e4steet ovat?<\/h5>\r\n<div class=\"cookie-policy-p\"><p>T\u00e4m\u00e4 ev\u00e4stek\u00e4yt\u00e4nt\u00f6 selitt\u00e4\u00e4, mit\u00e4 ev\u00e4steet ovat ja miten k\u00e4yt\u00e4mme niit\u00e4, millaisia ev\u00e4steit\u00e4 k\u00e4yt\u00e4mme eli mit\u00e4 tietoja ev\u00e4steill\u00e4 ker\u00e4t\u00e4\u00e4n, miten n\u00e4it\u00e4 tietoja k\u00e4ytet\u00e4\u00e4n ja miten voit hallita ev\u00e4steasetuksia. Ev\u00e4steet ovat pieni\u00e4 tekstitiedostoja, joita k\u00e4ytet\u00e4\u00e4n pienten tietom\u00e4\u00e4rien tallentamiseen. Ne tallennetaan laitteellesi, kun verkkosivusto latautuu selaimeesi. N\u00e4m\u00e4 ev\u00e4steet auttavat meit\u00e4 varmistamaan verkkosivuston asianmukaisen toiminnan, tekem\u00e4\u00e4n siit\u00e4 turvallisemman, parantamaan k\u00e4ytt\u00f6kokemusta sek\u00e4 ymm\u00e4rt\u00e4m\u00e4\u00e4n, miten verkkosivusto toimii, ja analysoimaan, mik\u00e4 toimii hyvin ja miss\u00e4 tarvitaan parannuksia.<\/p><\/div>\r\n\r\n&nbsp;\r\n<h5>Kuinka k\u00e4yt\u00e4mme ev\u00e4steit\u00e4?<\/h5>\r\n<div class=\"cookie-policy-p\"><p>Kuten useimmat verkkopalvelut, my\u00f6s verkkosivustomme k\u00e4ytt\u00e4\u00e4 ensisijaisia ja kolmannen osapuolen ev\u00e4steit\u00e4 useisiin tarkoituksiin. Ensisijaiset ev\u00e4steet ovat p\u00e4\u00e4asiassa v\u00e4ltt\u00e4m\u00e4tt\u00f6mi\u00e4 verkkosivuston asianmukaiselle toiminnalle, eik\u00e4 niill\u00e4 ker\u00e4t\u00e4 mit\u00e4\u00e4n henkil\u00f6kohtaisesti tunnistettavissa olevia tietojasi. Verkkosivustomme k\u00e4ytt\u00e4m\u00e4t kolmannen osapuolen ev\u00e4steet ovat p\u00e4\u00e4asiassa tarkoitettu ymm\u00e4rt\u00e4m\u00e4\u00e4n, miten verkkosivusto toimii, miten vuorovaikutat verkkosivustomme kanssa, pit\u00e4m\u00e4\u00e4n palvelumme turvallisina, tarjoamaan sinulle relevantteja mainoksia sek\u00e4 kaiken kaikkiaan parantamaan k\u00e4ytt\u00f6kokemustasi ja nopeuttamaan tulevia vuorovaikutuksiasi verkkosivustomme kanssa.<\/p><\/div>\r\n\r\n&nbsp;\r\n    <h5>K\u00e4ytt\u00e4m\u00e4mme ev\u00e4steet<\/h5>\r\n\r\n    <div class=\"cky-audit-table-element\"><\/div>\r\n\r\n&nbsp;\r\n    <h5 style=\"margin-bottom:20px;\">Hallitse ev\u00e4steasetuksia<\/h5>\r\n\r\n    <a class=\"cky-banner-element\">Ev\u00e4steasetukset<\/a> <br\/>\r\n\r\n    <div><p>Voit muuttaa ev\u00e4steasetuksiasi milloin tahansa napsauttamalla yll\u00e4 olevaa painiketta. T\u00e4m\u00e4n avulla voit avata ev\u00e4stebannerin uudelleen ja muuttaa asetuksiasi tai peruuttaa suostumuksesi v\u00e4litt\u00f6m\u00e4sti.<\/p><p>T\u00e4m\u00e4n lis\u00e4ksi eri selaimet tarjoavat erilaisia tapoja est\u00e4\u00e4 ja poistaa verkkosivustojen k\u00e4ytt\u00e4mi\u00e4 ev\u00e4steit\u00e4. Voit muuttaa selaimesi asetuksia est\u00e4\u00e4ksesi tai poistaaksesi ev\u00e4steet. Alla on linkkej\u00e4 tukidokumentteihin, jotka opastavat ev\u00e4steiden hallinnassa ja poistamisessa yleisimmiss\u00e4 verkkoselaimissa.<\/p><p>Chrome: <a href=\"https:\/\/support.google.com\/accounts\/answer\/32050\" rel=\"noopener noreferrer\" target=\"_blank\">https:\/\/support.google.com\/accounts\/answer\/32050<\/a><\/p><p>Safari: <a href=\"https:\/\/support.apple.com\/en-in\/guide\/safari\/sfri11471\/mac\" rel=\"noopener noreferrer\" target=\"_blank\">https:\/\/support.apple.com\/en-in\/guide\/safari\/sfri11471\/mac<\/a><\/p><p>Firefox: <a href=\"https:\/\/support.mozilla.org\/en-US\/kb\/clear-cookies-and-site-data-firefox?redirectslug=delete-cookies-remove-info-websites-stored&amp;redirectlocale=en-US\" rel=\"noopener noreferrer\" target=\"_blank\">https:\/\/support.mozilla.org\/en-US\/kb\/clear-cookies-and-site-data-firefox?redirectslug=delete-cookies-remove-info-websites-stored&amp;redirectlocale=en-US<\/a><\/p><p>Internet Explorer: <a href=\"https:\/\/support.microsoft.com\/en-us\/topic\/how-to-delete-cookie-files-in-internet-explorer-bca9446f-d873-78de-77ba-d42645fa52fc\" rel=\"noopener noreferrer\" target=\"_blank\">https:\/\/support.microsoft.com\/en-us\/topic\/how-to-delete-cookie-files-in-internet-explorer-bca9446f-d873-78de-77ba-d42645fa52fc<\/a><\/p><p>Jos k\u00e4yt\u00e4t jotain muuta verkkoselainta, vieraile selaimesi virallisissa tukidokumenteissa.<\/p><\/div>\r\n\r\n\r\n&nbsp;\r\n<p class=\"cookie-policy-p\">\r\n    Cookie Policy Generated By  <a target=\"_blank\" href=\"https:\/\/www.cookieyes.com\/?utm_source=CP&amp;utm_medium=footer&amp;utm_campaign=UW\" rel=\"noopener\">CookieYes - Cookie Policy Generator<\/a>.\r\n<\/p>\t\t\t\t<\/div>\n\t\t\t\t<\/div>\n\t\t\t\t\t<\/div>\n\t\t\t\t<\/div>\n\t\t\t\t<\/div>","protected":false},"excerpt":{"rendered":"<p>Ev\u00e4stek\u00e4yt\u00e4nt\u00f6 Voimaantulop\u00e4iv\u00e4: 15-Jan-2025 Viimeksi p\u00e4ivitetty: 15-Jan-2025 &nbsp; Mit\u00e4 ev\u00e4steet ovat? T\u00e4m\u00e4 ev\u00e4stek\u00e4yt\u00e4nt\u00f6 selitt\u00e4\u00e4, mit\u00e4 ev\u00e4steet ovat ja miten k\u00e4yt\u00e4mme niit\u00e4, millaisia ev\u00e4steit\u00e4 k\u00e4yt\u00e4mme eli mit\u00e4 tietoja ev\u00e4steill\u00e4 ker\u00e4t\u00e4\u00e4n, miten n\u00e4it\u00e4 tietoja k\u00e4ytet\u00e4\u00e4n ja miten voit hallita ev\u00e4steasetuksia. Ev\u00e4steet ovat pieni\u00e4 tekstitiedostoja, joita k\u00e4ytet\u00e4\u00e4n pienten tietom\u00e4\u00e4rien tallentamiseen. Ne tallennetaan laitteellesi, kun verkkosivusto latautuu selaimeesi. N\u00e4m\u00e4 ev\u00e4steet [&hellip;]<\/p>\n","protected":false},"author":4,"featured_media":0,"parent":0,"menu_order":0,"comment_status":"closed","ping_status":"closed","template":"","meta":{"footnotes":""},"class_list":["post-551","page","type-page","status-publish","hentry"],"blocksy_meta":[],"_links":{"self":[{"href":"https:\/\/abicoffee.fi\/en\/wp-json\/wp\/v2\/pages\/551","targetHints":{"allow":["GET"]}}],"collection":[{"href":"https:\/\/abicoffee.fi\/en\/wp-json\/wp\/v2\/pages"}],"about":[{"href":"https:\/\/abicoffee.fi\/en\/wp-json\/wp\/v2\/types\/page"}],"author":[{"embeddable":true,"href":"https:\/\/abicoffee.fi\/en\/wp-json\/wp\/v2\/users\/4"}],"replies":[{"embeddable":true,"href":"https:\/\/abicoffee.fi\/en\/wp-json\/wp\/v2\/comments?post=551"}],"version-history":[{"count":8,"href":"https:\/\/abicoffee.fi\/en\/wp-json\/wp\/v2\/pages\/551\/revisions"}],"predecessor-version":[{"id":559,"href":"https:\/\/abicoffee.fi\/en\/wp-json\/wp\/v2\/pages\/551\/revisions\/559"}],"wp:attachment":[{"href":"https:\/\/abicoffee.fi\/en\/wp-json\/wp\/v2\/media?parent=551"}],"curies":[{"name":"wp","href":"https:\/\/api.w.org\/{rel}","templated":true}]}}