{"id":504,"date":"2025-01-10T17:04:27","date_gmt":"2025-01-10T15:04:27","guid":{"rendered":"https:\/\/abicoffee.fi\/?page_id=504"},"modified":"2025-01-28T09:49:48","modified_gmt":"2025-01-28T07:49:48","slug":"yrityksille","status":"publish","type":"page","link":"https:\/\/abicoffee.fi\/en\/yrityksille\/","title":{"rendered":"For businesses"},"content":{"rendered":"\t\t<div data-elementor-type=\"wp-page\" data-elementor-id=\"504\" class=\"elementor elementor-504\">\n\t\t\t\t<div class=\"elementor-element elementor-element-3994707b e-flex e-con-boxed e-con e-parent\" data-id=\"3994707b\" data-element_type=\"container\" data-e-type=\"container\" data-settings=\"{&quot;background_background&quot;:&quot;classic&quot;}\">\n\t\t\t\t\t<div class=\"e-con-inner\">\n\t\t\t\t<div class=\"elementor-element elementor-element-1f3f9799 elementor-widget elementor-widget-heading\" data-id=\"1f3f9799\" data-element_type=\"widget\" data-e-type=\"widget\" data-widget_type=\"heading.default\">\n\t\t\t\t<div class=\"elementor-widget-container\">\n\t\t\t\t\t<h1 class=\"elementor-heading-title elementor-size-default\">YRITYKSILLE<\/h1>\t\t\t\t<\/div>\n\t\t\t\t<\/div>\n\t\t\t\t\t<\/div>\n\t\t\t\t<\/div>\n\t\t<div class=\"elementor-element elementor-element-4ffddcf0 e-flex e-con-boxed e-con e-parent\" data-id=\"4ffddcf0\" data-element_type=\"container\" data-e-type=\"container\">\n\t\t\t\t\t<div class=\"e-con-inner\">\n\t\t<div class=\"elementor-element elementor-element-2cff2f68 e-con-full e-flex e-con e-child\" data-id=\"2cff2f68\" data-element_type=\"container\" data-e-type=\"container\">\n\t\t<div class=\"elementor-element elementor-element-4b8e1811 e-con-full e-flex e-con e-child\" data-id=\"4b8e1811\" data-element_type=\"container\" data-e-type=\"container\">\n\t\t\t\t<div class=\"elementor-element elementor-element-16d54a1b elementor-widget elementor-widget-heading\" data-id=\"16d54a1b\" data-element_type=\"widget\" data-e-type=\"widget\" data-widget_type=\"heading.default\">\n\t\t\t\t<div class=\"elementor-widget-container\">\n\t\t\t\t\t<h2 class=\"elementor-heading-title elementor-size-default\">Tilaa suoraan yrityksellenne!<\/h2>\t\t\t\t<\/div>\n\t\t\t\t<\/div>\n\t\t\t\t<div class=\"elementor-element elementor-element-1853026 elementor-widget elementor-widget-text-editor\" data-id=\"1853026\" data-element_type=\"widget\" data-e-type=\"widget\" data-widget_type=\"text-editor.default\">\n\t\t\t\t<div class=\"elementor-widget-container\">\n\t\t\t\t\t\t\t\t\t<p>Oheisella lomakkeella tilaat kahviamme helposti. Tilauksen j\u00e4lkeen saat s\u00e4hk\u00f6postiisi tilausvahvistuksen ja laskun. Kaikki hinnat sis\u00e4lt\u00e4v\u00e4t alv. 14%. L\u00e4het\u00e4mme tilauksen, kun maksu n\u00e4kyy tilill\u00e4mme. Toimitamme tilaukset postin kautta ja noudatamme postin voimassaolevaa hinnastoa.<\/p><p><strong>Tarjoamme my\u00f6s laitteet ammattik\u00e4ytt\u00f6\u00f6n.<\/strong><\/p><p>HUOM! Minimitilaus 12 pussia!<\/p>\t\t\t\t\t\t\t\t<\/div>\n\t\t\t\t<\/div>\n\t\t\t\t<div class=\"elementor-element elementor-element-5a50b4b elementor-widget elementor-widget-wpforms\" data-id=\"5a50b4b\" data-element_type=\"widget\" data-e-type=\"widget\" data-widget_type=\"wpforms.default\">\n\t\t\t\t<div class=\"elementor-widget-container\">\n\t\t\t\t\t<style id=\"wpforms-css-vars-elementor-widget-5a50b4b\">\n\t\t\t\t.elementor-widget-wpforms.elementor-element-5a50b4b {\n\t\t\t\t--wpforms-field-text-color: #000000;\n--wpforms-label-color: #FFFFFFD9;\n--wpforms-button-background-color: #ED7C00;\n\t\t\t}\n\t\t\t<\/style><div class=\"wpforms-container wpforms-container-full wpforms-render-modern\" id=\"wpforms-506\"><form id=\"wpforms-form-506\" class=\"wpforms-validate wpforms-form wpforms-ajax-form\" data-formid=\"506\" method=\"post\" enctype=\"multipart\/form-data\" action=\"\/en\/wp-json\/wp\/v2\/pages\/504\" data-token=\"3097b19f6798606ccfc1301b7e205a6b\" data-token-time=\"1776192723\"><noscript class=\"wpforms-error-noscript\">Please enable JavaScript in your browser to complete this form.<\/noscript><div id=\"wpforms-error-noscript\" style=\"display: none;\">Please enable JavaScript in your browser to complete this form.<\/div><div class=\"wpforms-field-container\"><div id=\"wpforms-506-field_1-container\" class=\"wpforms-field wpforms-field-name\" data-field-id=\"1\"><label class=\"wpforms-field-label\" for=\"wpforms-506-field_1\">Yrityksen nimi <span class=\"wpforms-required-label\" aria-hidden=\"true\">*<\/span><\/label><input type=\"text\" id=\"wpforms-506-field_1\" class=\"wpforms-field-large wpforms-field-required\" name=\"wpforms[fields][1]\" aria-errormessage=\"wpforms-506-field_1-error\" required><\/div><div id=\"wpforms-506-field_5-container\" class=\"wpforms-field wpforms-field-text\" data-field-id=\"5\"><label class=\"wpforms-field-label\" for=\"wpforms-506-field_5\">Puhelinnumero <span class=\"wpforms-required-label\" aria-hidden=\"true\">*<\/span><\/label><input type=\"text\" id=\"wpforms-506-field_5\" class=\"wpforms-field-large wpforms-field-required\" name=\"wpforms[fields][5]\" aria-errormessage=\"wpforms-506-field_5-error\" required><\/div>\t\t<div id=\"wpforms-506-field_4-container\"\n\t\t\tclass=\"wpforms-field wpforms-field-text\"\n\t\t\tdata-field-type=\"text\"\n\t\t\tdata-field-id=\"4\"\n\t\t\t>\n\t\t\t<label class=\"wpforms-field-label\" for=\"wpforms-506-field_4\" >kahvi nimi Puhelinnumero<\/label>\n\t\t\t<input type=\"text\" id=\"wpforms-506-field_4\" class=\"wpforms-field-medium\" name=\"wpforms[fields][4]\" >\n\t\t<\/div>\n\t\t<div id=\"wpforms-506-field_7-container\" class=\"wpforms-field wpforms-field-checkbox\" data-field-id=\"7\"><fieldset><legend class=\"wpforms-field-label\">Valitse kahvi<\/legend><ul id=\"wpforms-506-field_7\"><li class=\"choice-1 depth-1\"><input type=\"checkbox\" id=\"wpforms-506-field_7_1\" name=\"wpforms[fields][7][]\" value=\"Sidamo Suodatin\" aria-errormessage=\"wpforms-506-field_7_1-error\"  ><label class=\"wpforms-field-label-inline\" for=\"wpforms-506-field_7_1\">Sidamo Suodatin<\/label><\/li><li class=\"choice-4 depth-1\"><input type=\"checkbox\" id=\"wpforms-506-field_7_4\" name=\"wpforms[fields][7][]\" value=\"Sidamo Papu\" aria-errormessage=\"wpforms-506-field_7_4-error\"  ><label class=\"wpforms-field-label-inline\" for=\"wpforms-506-field_7_4\">Sidamo Papu<\/label><\/li><li class=\"choice-2 depth-1\"><input type=\"checkbox\" id=\"wpforms-506-field_7_2\" name=\"wpforms[fields][7][]\" value=\"Guji Suodatin\" aria-errormessage=\"wpforms-506-field_7_2-error\"  ><label class=\"wpforms-field-label-inline\" for=\"wpforms-506-field_7_2\">Guji Suodatin<\/label><\/li><li class=\"choice-5 depth-1\"><input type=\"checkbox\" id=\"wpforms-506-field_7_5\" name=\"wpforms[fields][7][]\" value=\"Guji Papu\" aria-errormessage=\"wpforms-506-field_7_5-error\"  ><label class=\"wpforms-field-label-inline\" for=\"wpforms-506-field_7_5\">Guji Papu<\/label><\/li><li class=\"choice-3 depth-1\"><input type=\"checkbox\" id=\"wpforms-506-field_7_3\" name=\"wpforms[fields][7][]\" value=\"Yirgacheffe Suodatin\" aria-errormessage=\"wpforms-506-field_7_3-error\"  ><label class=\"wpforms-field-label-inline\" for=\"wpforms-506-field_7_3\">Yirgacheffe Suodatin<\/label><\/li><li class=\"choice-6 depth-1\"><input type=\"checkbox\" id=\"wpforms-506-field_7_6\" name=\"wpforms[fields][7][]\" value=\"Yirgacheffe Papu\" aria-errormessage=\"wpforms-506-field_7_6-error\"  ><label class=\"wpforms-field-label-inline\" for=\"wpforms-506-field_7_6\">Yirgacheffe Papu<\/label><\/li><\/ul><\/fieldset><\/div><div id=\"wpforms-506-field_2-container\" class=\"wpforms-field wpforms-field-email\" data-field-id=\"2\"><label class=\"wpforms-field-label\" for=\"wpforms-506-field_2\">S\u00e4hk\u00f6postiosoite <span class=\"wpforms-required-label\" aria-hidden=\"true\">*<\/span><\/label><input type=\"email\" id=\"wpforms-506-field_2\" class=\"wpforms-field-large wpforms-field-required\" name=\"wpforms[fields][2]\" spellcheck=\"false\" aria-errormessage=\"wpforms-506-field_2-error\" required><\/div><div id=\"wpforms-506-field_3-container\" class=\"wpforms-field wpforms-field-textarea\" data-field-id=\"3\"><label class=\"wpforms-field-label\" for=\"wpforms-506-field_3\">Viesti <span class=\"wpforms-required-label\" aria-hidden=\"true\">*<\/span><\/label><textarea id=\"wpforms-506-field_3\" class=\"wpforms-field-medium wpforms-field-required\" name=\"wpforms[fields][3]\" placeholder=\"Kerro kuinka paljon kyseist\u00e4 kahvia haluat tilata.\" aria-errormessage=\"wpforms-506-field_3-error\" required><\/textarea><\/div><script>\n\t\t\t\t( function() {\n\t\t\t\t\tconst style = document.createElement( 'style' );\n\t\t\t\t\tstyle.appendChild( document.createTextNode( '#wpforms-506-field_4-container { position: absolute !important; overflow: hidden !important; display: inline !important; height: 1px !important; width: 1px !important; z-index: -1000 !important; padding: 0 !important; } #wpforms-506-field_4-container input { visibility: hidden; } #wpforms-conversational-form-page #wpforms-506-field_4-container label { counter-increment: none; }' ) );\n\t\t\t\t\tdocument.head.appendChild( style );\n\t\t\t\t\tdocument.currentScript?.remove();\n\t\t\t\t} )();\n\t\t\t<\/script><\/div><!-- .wpforms-field-container --><div class=\"wpforms-submit-container\" ><input type=\"hidden\" name=\"wpforms[id]\" value=\"506\"><input type=\"hidden\" name=\"page_title\" value=\"\"><input type=\"hidden\" name=\"page_url\" value=\"https:\/\/abicoffee.fi\/en\/wp-json\/wp\/v2\/pages\/504\"><input type=\"hidden\" name=\"url_referer\" value=\"\"><button type=\"submit\" name=\"wpforms[submit]\" id=\"wpforms-submit-506\" class=\"wpforms-submit\" data-alt-text=\"L\u00e4hett\u00e4\u00e4...\" data-submit-text=\"L\u00e4het\u00e4\" aria-live=\"assertive\" value=\"wpforms-submit\">L\u00e4het\u00e4<\/button><img decoding=\"async\" src=\"https:\/\/abicoffee.fi\/wp-content\/plugins\/wpforms-lite\/assets\/images\/submit-spin.svg\" class=\"wpforms-submit-spinner\" style=\"display: none;\" width=\"26\" height=\"26\" alt=\"Loading\"><\/div><\/form><\/div>  <!-- .wpforms-container -->\t\t\t\t<\/div>\n\t\t\t\t<\/div>\n\t\t\t\t<\/div>\n\t\t\t\t<\/div>\n\t\t<div class=\"elementor-element elementor-element-dc2cd8b e-con-full e-flex e-con e-child\" data-id=\"dc2cd8b\" data-element_type=\"container\" data-e-type=\"container\">\n\t\t\t\t<div class=\"elementor-element elementor-element-383e36f elementor-widget elementor-widget-image\" data-id=\"383e36f\" data-element_type=\"widget\" data-e-type=\"widget\" data-widget_type=\"image.default\">\n\t\t\t\t<div class=\"elementor-widget-container\">\n\t\t\t\t\t\t\t\t\t\t\t\t\t\t\t<img decoding=\"async\" width=\"601\" height=\"601\" src=\"https:\/\/abicoffee.fi\/wp-content\/uploads\/2025\/01\/Yritysmyynti.jpg\" class=\"attachment-large size-large wp-image-512\" alt=\"\" srcset=\"https:\/\/abicoffee.fi\/wp-content\/uploads\/2025\/01\/Yritysmyynti.jpg 601w, https:\/\/abicoffee.fi\/wp-content\/uploads\/2025\/01\/Yritysmyynti-300x300.jpg 300w, https:\/\/abicoffee.fi\/wp-content\/uploads\/2025\/01\/Yritysmyynti-150x150.jpg 150w, https:\/\/abicoffee.fi\/wp-content\/uploads\/2025\/01\/Yritysmyynti-500x500.jpg 500w, https:\/\/abicoffee.fi\/wp-content\/uploads\/2025\/01\/Yritysmyynti-100x100.jpg 100w\" sizes=\"(max-width: 601px) 100vw, 601px\" \/>\t\t\t\t\t\t\t\t\t\t\t\t\t\t\t<\/div>\n\t\t\t\t<\/div>\n\t\t\t\t<div class=\"elementor-element elementor-element-474935d elementor-widget elementor-widget-image\" data-id=\"474935d\" data-element_type=\"widget\" data-e-type=\"widget\" data-widget_type=\"image.default\">\n\t\t\t\t<div class=\"elementor-widget-container\">\n\t\t\t\t\t\t\t\t\t\t\t\t\t\t\t<img decoding=\"async\" width=\"931\" height=\"1024\" src=\"https:\/\/abicoffee.fi\/wp-content\/uploads\/2025\/01\/Jura-kone-931x1024.jpg\" class=\"attachment-large size-large wp-image-513\" alt=\"\" srcset=\"https:\/\/abicoffee.fi\/wp-content\/uploads\/2025\/01\/Jura-kone-931x1024.jpg 931w, https:\/\/abicoffee.fi\/wp-content\/uploads\/2025\/01\/Jura-kone-273x300.jpg 273w, https:\/\/abicoffee.fi\/wp-content\/uploads\/2025\/01\/Jura-kone-768x845.jpg 768w, https:\/\/abicoffee.fi\/wp-content\/uploads\/2025\/01\/Jura-kone-600x660.jpg 600w, https:\/\/abicoffee.fi\/wp-content\/uploads\/2025\/01\/Jura-kone.jpg 1000w\" sizes=\"(max-width: 931px) 100vw, 931px\" \/>\t\t\t\t\t\t\t\t\t\t\t\t\t\t\t<\/div>\n\t\t\t\t<\/div>\n\t\t\t\t<\/div>\n\t\t\t\t\t<\/div>\n\t\t\t\t<\/div>\n\t\t\t\t<\/div>\n\t\t","protected":false},"excerpt":{"rendered":"<p>YRITYKSILLE Tilaa suoraan yrityksellenne! Oheisella lomakkeella tilaat kahviamme helposti. Tilauksen j\u00e4lkeen saat s\u00e4hk\u00f6postiisi tilausvahvistuksen ja laskun. Kaikki hinnat sis\u00e4lt\u00e4v\u00e4t alv. 14%. L\u00e4het\u00e4mme tilauksen, kun maksu n\u00e4kyy tilill\u00e4mme. Toimitamme tilaukset postin kautta ja noudatamme postin voimassaolevaa hinnastoa. Tarjoamme my\u00f6s laitteet ammattik\u00e4ytt\u00f6\u00f6n. HUOM! Minimitilaus 12 pussia! Please enable JavaScript in your browser to complete this form.Please enable [&hellip;]<\/p>\n","protected":false},"author":4,"featured_media":0,"parent":0,"menu_order":0,"comment_status":"closed","ping_status":"closed","template":"","meta":{"footnotes":""},"class_list":["post-504","page","type-page","status-publish","hentry"],"blocksy_meta":[],"_links":{"self":[{"href":"https:\/\/abicoffee.fi\/en\/wp-json\/wp\/v2\/pages\/504","targetHints":{"allow":["GET"]}}],"collection":[{"href":"https:\/\/abicoffee.fi\/en\/wp-json\/wp\/v2\/pages"}],"about":[{"href":"https:\/\/abicoffee.fi\/en\/wp-json\/wp\/v2\/types\/page"}],"author":[{"embeddable":true,"href":"https:\/\/abicoffee.fi\/en\/wp-json\/wp\/v2\/users\/4"}],"replies":[{"embeddable":true,"href":"https:\/\/abicoffee.fi\/en\/wp-json\/wp\/v2\/comments?post=504"}],"version-history":[{"count":16,"href":"https:\/\/abicoffee.fi\/en\/wp-json\/wp\/v2\/pages\/504\/revisions"}],"predecessor-version":[{"id":653,"href":"https:\/\/abicoffee.fi\/en\/wp-json\/wp\/v2\/pages\/504\/revisions\/653"}],"wp:attachment":[{"href":"https:\/\/abicoffee.fi\/en\/wp-json\/wp\/v2\/media?parent=504"}],"curies":[{"name":"wp","href":"https:\/\/api.w.org\/{rel}","templated":true}]}}