{"id":472,"date":"2025-01-10T12:23:16","date_gmt":"2025-01-10T10:23:16","guid":{"rendered":"https:\/\/abicoffee.fi\/?page_id=472"},"modified":"2025-01-10T12:23:48","modified_gmt":"2025-01-10T10:23:48","slug":"palautusehdot","status":"publish","type":"page","link":"https:\/\/abicoffee.fi\/en\/palautusehdot\/","title":{"rendered":"Return policy"},"content":{"rendered":"<div data-elementor-type=\"wp-page\" data-elementor-id=\"472\" class=\"elementor elementor-472\">\n\t\t\t\t<div class=\"elementor-element elementor-element-1ad60d50 e-flex e-con-boxed e-con e-parent\" data-id=\"1ad60d50\" data-element_type=\"container\" data-e-type=\"container\">\n\t\t\t\t\t<div class=\"e-con-inner\">\n\t\t\t\t<div class=\"elementor-element elementor-element-57c88cbf elementor-widget elementor-widget-heading\" data-id=\"57c88cbf\" data-element_type=\"widget\" data-e-type=\"widget\" data-widget_type=\"heading.default\">\n\t\t\t\t<div class=\"elementor-widget-container\">\n\t\t\t\t\t<h2 class=\"elementor-heading-title elementor-size-default\">Return policy<\/h2>\t\t\t\t<\/div>\n\t\t\t\t<\/div>\n\t\t\t\t<div class=\"elementor-element elementor-element-6cb7f7a0 elementor-widget elementor-widget-text-editor\" data-id=\"6cb7f7a0\" data-element_type=\"widget\" data-e-type=\"widget\" data-widget_type=\"text-editor.default\">\n\t\t\t\t<div class=\"elementor-widget-container\">\n\t\t\t\t\t\t\t\t\t<p><strong>Palautusoikeus<\/strong><br \/>Asiakas vastaa palautuskustannuksista itse. Jos haluat palauttaa ostamasi tuotteen noudettuasi l\u00e4hetyksesi, ilmoita palautuksesta 14 vuorokauden sis\u00e4ll\u00e4 l\u00e4hetyksen vastaanottamisesta s\u00e4hk\u00f6postilla <a rel=\"noopener\">tilaukset@abicoffee.fi<\/a>. Annamme palautusohjeet vastauksena. Liit\u00e4 palautuksen mukaan yhteystietosi tai kopio laskusta, niin osaamme yhdist\u00e4\u00e4 palautuksesi oikeaan tilaukseen. Palautettavan tuotteen tulee olla avaamaton, k\u00e4ytt\u00e4m\u00e4t\u00f6n ja myyntikuntoinen. Mik\u00e4li n\u00e4m\u00e4 ehdot eiv\u00e4t t\u00e4yty, emme voi hyv\u00e4ksy\u00e4 palautusta. Tuote tulee pakata hyvin. Asiakas on vastuussa huonosti pakatun tuotteen rikkoutumisesta tai katoamisesta.<\/p><p>Kun tuote saapuu asianmukaisessa kunnossa perille, tuote tarkastetaan, jonka j\u00e4lkeen palautamme rahat 30 vuorokauden sis\u00e4ll\u00e4 palautusl\u00e4hetyksen vastaanottamisesta. Palautusta tehdess\u00e4si voit paketoida kaikki palautettavat tuotteet samaan pakettiin, vaikka ne olisi l\u00e4hetetty erillisiss\u00e4 paketeissa.<\/p><p>Palautuksessa kest\u00e4\u00e4 noin 1-3 viikkoa. Saat ilmoituksen, kun palautuksesi on k\u00e4sitelty. Jos et ole saanut mit\u00e4\u00e4n ilmoitusta t\u00e4m\u00e4n ajan sis\u00e4ll\u00e4, ota yhteytt\u00e4 <a rel=\"noopener\">tilaukset@abicoffee.fi<\/a>. S\u00e4ilyt\u00e4 palautuskuitti, kunnes palautuksesi on hyv\u00e4ksytty, kuittia saatetaan tarvita ongelmatilanteissa.<\/p><p><strong>Vaihto-oikeus<\/strong><br \/>Tuotteillamme ei ole vaihto-oikeutta, vaan vaihdettavat tuotteet k\u00e4sitell\u00e4\u00e4n palautuksena ja uutena tilauksena.<\/p><p><strong>Reklamaatio<\/strong><br \/>Mik\u00e4li sinulla on tuotteistamme jotain reklamoitavaa, ota yhteytt\u00e4 s\u00e4hk\u00f6postitse osoitteeseen <a rel=\"noopener\">tilaukset@abicoffee.fi<\/a><\/p>\t\t\t\t\t\t\t\t<\/div>\n\t\t\t\t<\/div>\n\t\t\t\t\t<\/div>\n\t\t\t\t<\/div>\n\t\t\t\t<\/div>","protected":false},"excerpt":{"rendered":"<p>Palautusehdot PalautusoikeusAsiakas vastaa palautuskustannuksista itse. Jos haluat palauttaa ostamasi tuotteen noudettuasi l\u00e4hetyksesi, ilmoita palautuksesta 14 vuorokauden sis\u00e4ll\u00e4 l\u00e4hetyksen vastaanottamisesta s\u00e4hk\u00f6postilla tilaukset@abicoffee.fi. Annamme palautusohjeet vastauksena. Liit\u00e4 palautuksen mukaan yhteystietosi tai kopio laskusta, niin osaamme yhdist\u00e4\u00e4 palautuksesi oikeaan tilaukseen. Palautettavan tuotteen tulee olla avaamaton, k\u00e4ytt\u00e4m\u00e4t\u00f6n ja myyntikuntoinen. Mik\u00e4li n\u00e4m\u00e4 ehdot eiv\u00e4t t\u00e4yty, emme voi hyv\u00e4ksy\u00e4 palautusta. Tuote [&hellip;]<\/p>\n","protected":false},"author":4,"featured_media":0,"parent":0,"menu_order":0,"comment_status":"closed","ping_status":"closed","template":"","meta":{"footnotes":""},"class_list":["post-472","page","type-page","status-publish","hentry"],"blocksy_meta":[],"_links":{"self":[{"href":"https:\/\/abicoffee.fi\/en\/wp-json\/wp\/v2\/pages\/472","targetHints":{"allow":["GET"]}}],"collection":[{"href":"https:\/\/abicoffee.fi\/en\/wp-json\/wp\/v2\/pages"}],"about":[{"href":"https:\/\/abicoffee.fi\/en\/wp-json\/wp\/v2\/types\/page"}],"author":[{"embeddable":true,"href":"https:\/\/abicoffee.fi\/en\/wp-json\/wp\/v2\/users\/4"}],"replies":[{"embeddable":true,"href":"https:\/\/abicoffee.fi\/en\/wp-json\/wp\/v2\/comments?post=472"}],"version-history":[{"count":4,"href":"https:\/\/abicoffee.fi\/en\/wp-json\/wp\/v2\/pages\/472\/revisions"}],"predecessor-version":[{"id":476,"href":"https:\/\/abicoffee.fi\/en\/wp-json\/wp\/v2\/pages\/472\/revisions\/476"}],"wp:attachment":[{"href":"https:\/\/abicoffee.fi\/en\/wp-json\/wp\/v2\/media?parent=472"}],"curies":[{"name":"wp","href":"https:\/\/api.w.org\/{rel}","templated":true}]}}