{"id":461,"date":"2025-01-10T12:18:20","date_gmt":"2025-01-10T10:18:20","guid":{"rendered":"https:\/\/abicoffee.fi\/?page_id=461"},"modified":"2025-08-11T15:10:11","modified_gmt":"2025-08-11T12:10:11","slug":"maksu-ja-toimitusehdot","status":"publish","type":"page","link":"https:\/\/abicoffee.fi\/en\/maksu-ja-toimitusehdot\/","title":{"rendered":"Payment and delivery terms"},"content":{"rendered":"<div data-elementor-type=\"wp-page\" data-elementor-id=\"461\" class=\"elementor elementor-461\">\n\t\t\t\t<div class=\"elementor-element elementor-element-0a22580 e-flex e-con-boxed e-con e-parent\" data-id=\"0a22580\" data-element_type=\"container\" data-e-type=\"container\">\n\t\t\t\t\t<div class=\"e-con-inner\">\n\t\t\t\t<div class=\"elementor-element elementor-element-d46771d elementor-widget elementor-widget-heading\" data-id=\"d46771d\" data-element_type=\"widget\" data-e-type=\"widget\" data-widget_type=\"heading.default\">\n\t\t\t\t<div class=\"elementor-widget-container\">\n\t\t\t\t\t<h2 class=\"elementor-heading-title elementor-size-default\">Payment and delivery terms<\/h2>\t\t\t\t<\/div>\n\t\t\t\t<\/div>\n\t\t\t\t<div class=\"elementor-element elementor-element-807552b elementor-widget elementor-widget-text-editor\" data-id=\"807552b\" data-element_type=\"widget\" data-e-type=\"widget\" data-widget_type=\"text-editor.default\">\n\t\t\t\t<div class=\"elementor-widget-container\">\n\t\t\t\t\t\t\t\t\t<h3 data-start=\"741\" data-end=\"783\">1. Tilaaminen abicoffee.fi -sivustolta<\/h3><p data-start=\"784\" data-end=\"1076\">Tilaaminen tapahtuu abicoffee.fi -sivustolla olevalla tilauslomakkeella.<br data-start=\"856\" data-end=\"859\" \/>Tilauksen l\u00e4hetetty\u00e4si saat <strong data-start=\"887\" data-end=\"934\">tilausvahvistuksen s\u00e4hk\u00f6postiisi viipym\u00e4tt\u00e4<\/strong>. Lasku l\u00e4hetet\u00e4\u00e4n 1\u20133 arkip\u00e4iv\u00e4n kuluessa tilauksestasi, ja se toimii maksutietona. Tilaus toimitetaan, kun maksusuoritus n\u00e4kyy tilill\u00e4mme.<\/p><p data-start=\"1078\" data-end=\"1359\">Jos tilaus joudutaan toimittamaan kahdessa tai useammassa er\u00e4ss\u00e4, siit\u00e4 ilmoitetaan erikseen. Toimituksesta maksat vain yhdet postikulut \/ tilaus, vaikka toimitus jaettaisiin useampaan er\u00e4\u00e4n.<br data-start=\"1269\" data-end=\"1272\" \/>Jos et saa tilausvahvistusta, ota yhteytt\u00e4 asiakaspalveluun: <strong data-start=\"1333\" data-end=\"1359\"><a class=\"cursor-pointer\" rel=\"noopener\" data-start=\"1335\" data-end=\"1357\">tilaukset@abicoffee.fi<\/a><\/strong><\/p><hr data-start=\"1361\" data-end=\"1364\" \/><h3 data-start=\"1366\" data-end=\"1385\">2. Toimitusaika<\/h3><p data-start=\"1386\" data-end=\"1595\">Toimitusaika on 1\u20135 arkip\u00e4iv\u00e4\u00e4 siit\u00e4, kun maksusuoritus n\u00e4kyy tilill\u00e4mme. Sesonkiaikoina toimitusaika voi olla 3\u201310 arkip\u00e4iv\u00e4\u00e4.<br data-start=\"1513\" data-end=\"1516\" \/>Saat s\u00e4hk\u00f6postiisi ilmoituksen ja seurantatunnuksen, kun tilaus on l\u00e4hetetty.<\/p><p data-start=\"1597\" data-end=\"1881\">Pid\u00e4t\u00e4mme oikeuden loppuunmyyntiin, joka voi pident\u00e4\u00e4 toimitusaikoja. Mik\u00e4li tuote my\u00f6h\u00e4styy tai on tilap\u00e4isesti loppu, ilmoitamme siit\u00e4 viipym\u00e4tt\u00e4 ja tarjoamme vaihtoehtoa tai kaupan purkua. Abi Coffee ei vastaa kolmannen osapuolen (esim. kuljetusliike) aiheuttamista viiv\u00e4styksist\u00e4.<\/p><hr data-start=\"1883\" data-end=\"1886\" \/><h3 data-start=\"1888\" data-end=\"1920\">3. Tilaus ja tilausvahvistus<\/h3><p data-start=\"1921\" data-end=\"2095\">Tarkista tilauksesi tilausvahvistuksesta, jonka saat s\u00e4hk\u00f6postiisi heti tilauksen j\u00e4lkeen.<br data-start=\"2011\" data-end=\"2014\" \/>Jos siin\u00e4 on virheit\u00e4, ota yhteytt\u00e4 asiakaspalveluun: <strong data-start=\"2068\" data-end=\"2094\"><a class=\"cursor-pointer\" rel=\"noopener\" data-start=\"2070\" data-end=\"2092\">tilaukset@abicoffee.fi<\/a><\/strong>.<\/p><hr data-start=\"2097\" data-end=\"2100\" \/><h3 data-start=\"2102\" data-end=\"2141\">4. Toimitus ja toimituskustannukset<\/h3><p data-start=\"2142\" data-end=\"2355\">Toimituskulut m\u00e4\u00e4r\u00e4ytyv\u00e4t Postin voimassa olevan hinnaston mukaan ja ilmoitetaan tilauksen yhteydess\u00e4. Posti l\u00e4hett\u00e4\u00e4 saapumisilmoituksen ensisijaisesti tekstiviestill\u00e4 tilauksessa ilmoittamaasi puhelinnumeroon.<\/p><p data-start=\"2357\" data-end=\"2658\">Pakettia s\u00e4ilytet\u00e4\u00e4n Postissa 7 vuorokautta, jonka j\u00e4lkeen se palautuu meille. Noutamatta j\u00e4tt\u00e4minen ei ole sama kuin lainmukainen peruutus.<br data-start=\"2497\" data-end=\"2500\" \/>Jos j\u00e4t\u00e4t l\u00e4hetyksen noutamatta ilman peruutusilmoitusta, veloitamme palautus- ja k\u00e4sittelykulut todellisten kustannusten mukaisesti, kuitenkin enint\u00e4\u00e4n 20 \u20ac.<\/p><p data-start=\"2660\" data-end=\"2813\">Asiakas vastaa siit\u00e4, ett\u00e4 toimitusosoite ja yhteystiedot ovat oikein. Emme vastaa virheellisist\u00e4 tiedoista johtuvista viiv\u00e4styksist\u00e4 tai kustannuksista.<\/p><hr data-start=\"2815\" data-end=\"2818\" \/><h3 data-start=\"2820\" data-end=\"2859\">5. Peruuttamisoikeus ja palautukset<\/h3><p data-start=\"2860\" data-end=\"3032\">Kuluttajansuojalain mukaisesti sinulla on oikeus peruuttaa tilaus 14 p\u00e4iv\u00e4n kuluessa tilauksen vastaanottamisesta ilman erityist\u00e4 syyt\u00e4.<br data-start=\"2996\" data-end=\"2999\" \/>Poikkeukset peruuttamisoikeuteen:<\/p><ul data-start=\"3033\" data-end=\"3166\"><li data-start=\"3033\" data-end=\"3092\"><p data-start=\"3035\" data-end=\"3092\">Hygienia- ja elintarviketuotteet, jos sinetti on avattu<\/p><\/li><li data-start=\"3093\" data-end=\"3166\"><p data-start=\"3095\" data-end=\"3166\">Tuotteet, jotka valmistetaan tai muokataan asiakkaan toiveiden mukaan<\/p><\/li><\/ul><p data-start=\"3168\" data-end=\"3369\">Jos haluat palauttaa tuotteen, ilmoita siit\u00e4 s\u00e4hk\u00f6postilla: <strong data-start=\"3228\" data-end=\"3254\"><a class=\"cursor-pointer\" rel=\"noopener\" data-start=\"3230\" data-end=\"3252\">tilaukset@abicoffee.fi<\/a><\/strong>. Saat palautusohjeet vastauksena. Asiakas maksaa palautuskustannukset, ellei kyse ole virheellisest\u00e4 tuotteesta.<\/p><p data-start=\"3371\" data-end=\"3573\">Tuotetta saa kokeilla sen laadun, ominaisuuksien ja toimivuuden toteamiseksi. Mahdollinen arvonalennus voidaan v\u00e4hent\u00e4\u00e4 palautettavasta summasta, jos tuotetta on k\u00e4ytetty enemm\u00e4n kuin t\u00e4m\u00e4 edellytt\u00e4\u00e4.<\/p><p data-start=\"3575\" data-end=\"3818\">Rahat palautetaan viimeist\u00e4\u00e4n 14 p\u00e4iv\u00e4n kuluessa peruuttamisilmoituksesta, k\u00e4ytt\u00e4en samaa maksutapaa, jota k\u00e4ytettiin tilauksessa. Voimme pid\u00e4tty\u00e4 maksun palautuksesta, kunnes olemme saaneet tuotteen takaisin tai todisteen sen palauttamisesta.<\/p><hr data-start=\"3820\" data-end=\"3823\" \/><h3 data-start=\"3825\" data-end=\"3845\">6. Vaihto-oikeus<\/h3><p data-start=\"3846\" data-end=\"3961\">Vaihto tapahtuu palauttamalla tuote yll\u00e4 olevan ohjeen mukaisesti ja tekem\u00e4ll\u00e4 uusi tilaus haluamastasi tuotteesta.<\/p><hr data-start=\"3963\" data-end=\"3966\" \/><h3 data-start=\"3968\" data-end=\"3987\">7. Reklamaatiot<\/h3><p data-start=\"3988\" data-end=\"4179\">Jos tuote on virheellinen tai vaurioitunut kuljetuksessa, ota yhteytt\u00e4 asiakaspalveluun kohtuullisessa ajassa virheen havaitsemisesta. Virhevastuu on v\u00e4hint\u00e4\u00e4n 2 vuotta tavaran luovutuksesta.<\/p><hr data-start=\"4181\" data-end=\"4184\" \/><h3 data-start=\"4186\" data-end=\"4213\">8. Maksupalvelutarjoaja<\/h3><p data-start=\"4214\" data-end=\"4436\">Maksunv\u00e4lityspalvelun toteuttaa Paytrail Oyj (Y-tunnus 2122839-7) yhteisty\u00f6ss\u00e4 suomalaisten pankkien ja luottolaitosten kanssa. Paytrail Oyj n\u00e4kyy maksun saajana tiliotteella tai korttilaskulla ja v\u00e4litt\u00e4\u00e4 maksun meille.<\/p><p data-start=\"4438\" data-end=\"4546\"><strong data-start=\"4438\" data-end=\"4454\">Paytrail Oyj<\/strong><br data-start=\"4454\" data-end=\"4457\" \/>Innova 2, Lutakonaukio 7<br data-start=\"4481\" data-end=\"4484\" \/>40100 Jyv\u00e4skyl\u00e4<br data-start=\"4499\" data-end=\"4502\" \/>paytrail.com\/kuluttaja\/tietoa-maksamisesta<\/p>\t\t\t\t\t\t\t\t<\/div>\n\t\t\t\t<\/div>\n\t\t\t\t\t<\/div>\n\t\t\t\t<\/div>\n\t\t\t\t<\/div>","protected":false},"excerpt":{"rendered":"<p>Maksu- ja toimitusehdot 1. Tilaaminen abicoffee.fi -sivustolta Tilaaminen tapahtuu abicoffee.fi -sivustolla olevalla tilauslomakkeella.Tilauksen l\u00e4hetetty\u00e4si saat tilausvahvistuksen s\u00e4hk\u00f6postiisi viipym\u00e4tt\u00e4. Lasku l\u00e4hetet\u00e4\u00e4n 1\u20133 arkip\u00e4iv\u00e4n kuluessa tilauksestasi, ja se toimii maksutietona. Tilaus toimitetaan, kun maksusuoritus n\u00e4kyy tilill\u00e4mme. Jos tilaus joudutaan toimittamaan kahdessa tai useammassa er\u00e4ss\u00e4, siit\u00e4 ilmoitetaan erikseen. Toimituksesta maksat vain yhdet postikulut \/ tilaus, vaikka toimitus jaettaisiin [&hellip;]<\/p>\n","protected":false},"author":4,"featured_media":0,"parent":0,"menu_order":0,"comment_status":"closed","ping_status":"closed","template":"","meta":{"footnotes":""},"class_list":["post-461","page","type-page","status-publish","hentry"],"blocksy_meta":[],"_links":{"self":[{"href":"https:\/\/abicoffee.fi\/en\/wp-json\/wp\/v2\/pages\/461","targetHints":{"allow":["GET"]}}],"collection":[{"href":"https:\/\/abicoffee.fi\/en\/wp-json\/wp\/v2\/pages"}],"about":[{"href":"https:\/\/abicoffee.fi\/en\/wp-json\/wp\/v2\/types\/page"}],"author":[{"embeddable":true,"href":"https:\/\/abicoffee.fi\/en\/wp-json\/wp\/v2\/users\/4"}],"replies":[{"embeddable":true,"href":"https:\/\/abicoffee.fi\/en\/wp-json\/wp\/v2\/comments?post=461"}],"version-history":[{"count":10,"href":"https:\/\/abicoffee.fi\/en\/wp-json\/wp\/v2\/pages\/461\/revisions"}],"predecessor-version":[{"id":691,"href":"https:\/\/abicoffee.fi\/en\/wp-json\/wp\/v2\/pages\/461\/revisions\/691"}],"wp:attachment":[{"href":"https:\/\/abicoffee.fi\/en\/wp-json\/wp\/v2\/media?parent=461"}],"curies":[{"name":"wp","href":"https:\/\/api.w.org\/{rel}","templated":true}]}}