{"id":181,"date":"2024-11-12T14:53:59","date_gmt":"2024-11-12T12:53:59","guid":{"rendered":"https:\/\/abicoffee.fi\/?page_id=181"},"modified":"2024-12-16T15:17:01","modified_gmt":"2024-12-16T13:17:01","slug":"paahtimo","status":"publish","type":"page","link":"https:\/\/abicoffee.fi\/en\/paahtimo\/","title":{"rendered":"Roastery"},"content":{"rendered":"<div data-elementor-type=\"wp-page\" data-elementor-id=\"181\" class=\"elementor elementor-181\">\n\t\t\t\t<div class=\"elementor-element elementor-element-4664a05a e-flex e-con-boxed e-con e-parent\" data-id=\"4664a05a\" data-element_type=\"container\" data-e-type=\"container\" data-settings=\"{&quot;background_background&quot;:&quot;classic&quot;}\">\n\t\t\t\t\t<div class=\"e-con-inner\">\n\t\t\t\t<div class=\"elementor-element elementor-element-4745c626 elementor-widget elementor-widget-heading\" data-id=\"4745c626\" data-element_type=\"widget\" data-e-type=\"widget\" data-widget_type=\"heading.default\">\n\t\t\t\t<div class=\"elementor-widget-container\">\n\t\t\t\t\t<h1 class=\"elementor-heading-title elementor-size-default\">ROASTERY<\/h1>\t\t\t\t<\/div>\n\t\t\t\t<\/div>\n\t\t\t\t\t<\/div>\n\t\t\t\t<\/div>\n\t\t<div class=\"elementor-element elementor-element-15291638 e-flex e-con-boxed e-con e-parent\" data-id=\"15291638\" data-element_type=\"container\" data-e-type=\"container\">\n\t\t\t\t\t<div class=\"e-con-inner\">\n\t\t<div class=\"elementor-element elementor-element-3c1f0fa4 e-con-full e-flex e-con e-child\" data-id=\"3c1f0fa4\" data-element_type=\"container\" data-e-type=\"container\">\n\t\t\t\t<div class=\"elementor-element elementor-element-3d34b621 elementor-widget elementor-widget-image\" data-id=\"3d34b621\" data-element_type=\"widget\" data-e-type=\"widget\" data-widget_type=\"image.default\">\n\t\t\t\t<div class=\"elementor-widget-container\">\n\t\t\t\t\t\t\t\t\t\t\t\t\t\t\t<img decoding=\"async\" width=\"900\" height=\"600\" src=\"https:\/\/abicoffee.fi\/wp-content\/uploads\/2024\/11\/ABI_010.jpg\" class=\"attachment-large size-large wp-image-185\" alt=\"\" srcset=\"https:\/\/abicoffee.fi\/wp-content\/uploads\/2024\/11\/ABI_010.jpg 900w, https:\/\/abicoffee.fi\/wp-content\/uploads\/2024\/11\/ABI_010-600x400.jpg 600w, https:\/\/abicoffee.fi\/wp-content\/uploads\/2024\/11\/ABI_010-300x200.jpg 300w, https:\/\/abicoffee.fi\/wp-content\/uploads\/2024\/11\/ABI_010-768x512.jpg 768w\" sizes=\"(max-width: 900px) 100vw, 900px\" \/>\t\t\t\t\t\t\t\t\t\t\t\t\t\t\t<\/div>\n\t\t\t\t<\/div>\n\t\t\t\t<\/div>\n\t\t<div class=\"elementor-element elementor-element-76c846bc e-con-full e-flex e-con e-child\" data-id=\"76c846bc\" data-element_type=\"container\" data-e-type=\"container\">\n\t\t<div class=\"elementor-element elementor-element-54a7059f e-con-full e-flex e-con e-child\" data-id=\"54a7059f\" data-element_type=\"container\" data-e-type=\"container\">\n\t\t\t\t<div class=\"elementor-element elementor-element-2e376e98 elementor-widget elementor-widget-heading\" data-id=\"2e376e98\" data-element_type=\"widget\" data-e-type=\"widget\" data-widget_type=\"heading.default\">\n\t\t\t\t<div class=\"elementor-widget-container\">\n\t\t\t\t\t<h2 class=\"elementor-heading-title elementor-size-default\">Always fresh<\/h2>\t\t\t\t<\/div>\n\t\t\t\t<\/div>\n\t\t\t\t<div class=\"elementor-element elementor-element-3471590e elementor-widget elementor-widget-text-editor\" data-id=\"3471590e\" data-element_type=\"widget\" data-e-type=\"widget\" data-widget_type=\"text-editor.default\">\n\t\t\t\t<div class=\"elementor-widget-container\">\n\t\t\t\t\t\t\t\t\t<p>In spring 2020, we opened our roastery in Kaarina, Finland. We roast our coffee to order, so you always get the coffee as fresh as possible. Contact us \u2013 we are happy to tell you more about our coffee.<\/p><p><strong>Visiting address of our roastery<\/strong> (open by appointment)<br \/>Asianajajankatu 6, Halli 10, Kaarina, Suomi<\/p>\t\t\t\t\t\t\t\t<\/div>\n\t\t\t\t<\/div>\n\t\t\t\t<div class=\"elementor-element elementor-element-5760fdb elementor-widget elementor-widget-button\" data-id=\"5760fdb\" data-element_type=\"widget\" data-e-type=\"widget\" data-widget_type=\"button.default\">\n\t\t\t\t<div class=\"elementor-widget-container\">\n\t\t\t\t\t\t\t\t\t<div class=\"elementor-button-wrapper\">\n\t\t\t\t\t<a class=\"elementor-button elementor-button-link elementor-size-sm\" href=\"https:\/\/abicoffee.fi\/en\/yhteystiedot\/\">\n\t\t\t\t\t\t<span class=\"elementor-button-content-wrapper\">\n\t\t\t\t\t\t\t\t\t<span class=\"elementor-button-text\">Contact us<\/span>\n\t\t\t\t\t<\/span>\n\t\t\t\t\t<\/a>\n\t\t\t\t<\/div>\n\t\t\t\t\t\t\t\t<\/div>\n\t\t\t\t<\/div>\n\t\t\t\t<\/div>\n\t\t\t\t<\/div>\n\t\t\t\t\t<\/div>\n\t\t\t\t<\/div>\n\t\t<div class=\"elementor-element elementor-element-0268763 e-flex e-con-boxed e-con e-parent\" data-id=\"0268763\" data-element_type=\"container\" data-e-type=\"container\">\n\t\t\t\t\t<div class=\"e-con-inner\">\n\t\t\t\t<div class=\"elementor-element elementor-element-2799651 gallery-spacing-custom elementor-widget elementor-widget-image-gallery\" data-id=\"2799651\" data-element_type=\"widget\" data-e-type=\"widget\" data-widget_type=\"image-gallery.default\">\n\t\t\t\t<div class=\"elementor-widget-container\">\n\t\t\t\t\t\t\t<div class=\"elementor-image-gallery\">\n\t\t\t<div id='gallery-1' class='gallery galleryid-181 gallery-columns-3 gallery-size-full'><figure class='gallery-item'>\n\t\t\t<div class='gallery-icon landscape'>\n\t\t\t\t<a data-elementor-open-lightbox=\"yes\" data-elementor-lightbox-slideshow=\"2799651\" data-elementor-lightbox-title=\"_S1A7449-min\" data-e-action-hash=\"#elementor-action%3Aaction%3Dlightbox%26settings%3DeyJpZCI6MTk0LCJ1cmwiOiJodHRwczpcL1wvYWJpY29mZmVlLmZpXC93cC1jb250ZW50XC91cGxvYWRzXC8yMDI0XC8xMVwvUzFBNzQ0OS1taW4uanBnIiwic2xpZGVzaG93IjoiMjc5OTY1MSJ9\" href='https:\/\/abicoffee.fi\/wp-content\/uploads\/2024\/11\/S1A7449-min.jpg'><img decoding=\"async\" width=\"1201\" height=\"801\" src=\"https:\/\/abicoffee.fi\/wp-content\/uploads\/2024\/11\/S1A7449-min.jpg\" class=\"attachment-full size-full\" alt=\"\" srcset=\"https:\/\/abicoffee.fi\/wp-content\/uploads\/2024\/11\/S1A7449-min.jpg 1201w, https:\/\/abicoffee.fi\/wp-content\/uploads\/2024\/11\/S1A7449-min-600x400.jpg 600w, https:\/\/abicoffee.fi\/wp-content\/uploads\/2024\/11\/S1A7449-min-300x200.jpg 300w, https:\/\/abicoffee.fi\/wp-content\/uploads\/2024\/11\/S1A7449-min-1024x683.jpg 1024w, https:\/\/abicoffee.fi\/wp-content\/uploads\/2024\/11\/S1A7449-min-768x512.jpg 768w\" sizes=\"(max-width: 1201px) 100vw, 1201px\" \/><\/a>\n\t\t\t<\/div><\/figure><figure class='gallery-item'>\n\t\t\t<div class='gallery-icon landscape'>\n\t\t\t\t<a data-elementor-open-lightbox=\"yes\" data-elementor-lightbox-slideshow=\"2799651\" data-elementor-lightbox-title=\"_S1A7400-min\" data-e-action-hash=\"#elementor-action%3Aaction%3Dlightbox%26settings%3DeyJpZCI6MTkyLCJ1cmwiOiJodHRwczpcL1wvYWJpY29mZmVlLmZpXC93cC1jb250ZW50XC91cGxvYWRzXC8yMDI0XC8xMVwvUzFBNzQwMC1taW4uanBnIiwic2xpZGVzaG93IjoiMjc5OTY1MSJ9\" href='https:\/\/abicoffee.fi\/wp-content\/uploads\/2024\/11\/S1A7400-min.jpg'><img decoding=\"async\" width=\"1201\" height=\"801\" src=\"https:\/\/abicoffee.fi\/wp-content\/uploads\/2024\/11\/S1A7400-min.jpg\" class=\"attachment-full size-full\" alt=\"\" srcset=\"https:\/\/abicoffee.fi\/wp-content\/uploads\/2024\/11\/S1A7400-min.jpg 1201w, https:\/\/abicoffee.fi\/wp-content\/uploads\/2024\/11\/S1A7400-min-600x400.jpg 600w, https:\/\/abicoffee.fi\/wp-content\/uploads\/2024\/11\/S1A7400-min-300x200.jpg 300w, https:\/\/abicoffee.fi\/wp-content\/uploads\/2024\/11\/S1A7400-min-1024x683.jpg 1024w, https:\/\/abicoffee.fi\/wp-content\/uploads\/2024\/11\/S1A7400-min-768x512.jpg 768w\" sizes=\"(max-width: 1201px) 100vw, 1201px\" \/><\/a>\n\t\t\t<\/div><\/figure><figure class='gallery-item'>\n\t\t\t<div class='gallery-icon landscape'>\n\t\t\t\t<a data-elementor-open-lightbox=\"yes\" data-elementor-lightbox-slideshow=\"2799651\" data-elementor-lightbox-title=\"_S1A7380 1-min\" data-e-action-hash=\"#elementor-action%3Aaction%3Dlightbox%26settings%3DeyJpZCI6MjkxLCJ1cmwiOiJodHRwczpcL1wvYWJpY29mZmVlLmZpXC93cC1jb250ZW50XC91cGxvYWRzXC8yMDI0XC8xMVwvUzFBNzM4MC0xLW1pbi0xLmpwZyIsInNsaWRlc2hvdyI6IjI3OTk2NTEifQ%3D%3D\" href='https:\/\/abicoffee.fi\/wp-content\/uploads\/2024\/11\/S1A7380-1-min-1.jpg'><img decoding=\"async\" width=\"1440\" height=\"961\" src=\"https:\/\/abicoffee.fi\/wp-content\/uploads\/2024\/11\/S1A7380-1-min-1.jpg\" class=\"attachment-full size-full\" alt=\"\" srcset=\"https:\/\/abicoffee.fi\/wp-content\/uploads\/2024\/11\/S1A7380-1-min-1.jpg 1440w, https:\/\/abicoffee.fi\/wp-content\/uploads\/2024\/11\/S1A7380-1-min-1-600x400.jpg 600w, https:\/\/abicoffee.fi\/wp-content\/uploads\/2024\/11\/S1A7380-1-min-1-300x200.jpg 300w, https:\/\/abicoffee.fi\/wp-content\/uploads\/2024\/11\/S1A7380-1-min-1-1024x683.jpg 1024w, https:\/\/abicoffee.fi\/wp-content\/uploads\/2024\/11\/S1A7380-1-min-1-768x513.jpg 768w\" sizes=\"(max-width: 1440px) 100vw, 1440px\" \/><\/a>\n\t\t\t<\/div><\/figure><figure class='gallery-item'>\n\t\t\t<div class='gallery-icon portrait'>\n\t\t\t\t<a data-elementor-open-lightbox=\"yes\" data-elementor-lightbox-slideshow=\"2799651\" data-elementor-lightbox-title=\"_S1A7480-min\" data-e-action-hash=\"#elementor-action%3Aaction%3Dlightbox%26settings%3DeyJpZCI6MjAxLCJ1cmwiOiJodHRwczpcL1wvYWJpY29mZmVlLmZpXC93cC1jb250ZW50XC91cGxvYWRzXC8yMDI0XC8xMVwvUzFBNzQ4MC1taW4uanBnIiwic2xpZGVzaG93IjoiMjc5OTY1MSJ9\" href='https:\/\/abicoffee.fi\/wp-content\/uploads\/2024\/11\/S1A7480-min.jpg'><img decoding=\"async\" width=\"801\" height=\"1201\" src=\"https:\/\/abicoffee.fi\/wp-content\/uploads\/2024\/11\/S1A7480-min.jpg\" class=\"attachment-full size-full\" alt=\"\" srcset=\"https:\/\/abicoffee.fi\/wp-content\/uploads\/2024\/11\/S1A7480-min.jpg 801w, https:\/\/abicoffee.fi\/wp-content\/uploads\/2024\/11\/S1A7480-min-600x900.jpg 600w, https:\/\/abicoffee.fi\/wp-content\/uploads\/2024\/11\/S1A7480-min-200x300.jpg 200w, https:\/\/abicoffee.fi\/wp-content\/uploads\/2024\/11\/S1A7480-min-683x1024.jpg 683w, https:\/\/abicoffee.fi\/wp-content\/uploads\/2024\/11\/S1A7480-min-768x1152.jpg 768w\" sizes=\"(max-width: 801px) 100vw, 801px\" \/><\/a>\n\t\t\t<\/div><\/figure><figure class='gallery-item'>\n\t\t\t<div class='gallery-icon portrait'>\n\t\t\t\t<a data-elementor-open-lightbox=\"yes\" data-elementor-lightbox-slideshow=\"2799651\" data-elementor-lightbox-title=\"_S1A7455-min\" data-e-action-hash=\"#elementor-action%3Aaction%3Dlightbox%26settings%3DeyJpZCI6MTk3LCJ1cmwiOiJodHRwczpcL1wvYWJpY29mZmVlLmZpXC93cC1jb250ZW50XC91cGxvYWRzXC8yMDI0XC8xMVwvUzFBNzQ1NS1taW4uanBnIiwic2xpZGVzaG93IjoiMjc5OTY1MSJ9\" href='https:\/\/abicoffee.fi\/wp-content\/uploads\/2024\/11\/S1A7455-min.jpg'><img decoding=\"async\" width=\"801\" height=\"1201\" src=\"https:\/\/abicoffee.fi\/wp-content\/uploads\/2024\/11\/S1A7455-min.jpg\" class=\"attachment-full size-full\" alt=\"\" srcset=\"https:\/\/abicoffee.fi\/wp-content\/uploads\/2024\/11\/S1A7455-min.jpg 801w, https:\/\/abicoffee.fi\/wp-content\/uploads\/2024\/11\/S1A7455-min-600x900.jpg 600w, https:\/\/abicoffee.fi\/wp-content\/uploads\/2024\/11\/S1A7455-min-200x300.jpg 200w, https:\/\/abicoffee.fi\/wp-content\/uploads\/2024\/11\/S1A7455-min-683x1024.jpg 683w, https:\/\/abicoffee.fi\/wp-content\/uploads\/2024\/11\/S1A7455-min-768x1152.jpg 768w\" sizes=\"(max-width: 801px) 100vw, 801px\" \/><\/a>\n\t\t\t<\/div><\/figure><figure class='gallery-item'>\n\t\t\t<div class='gallery-icon portrait'>\n\t\t\t\t<a data-elementor-open-lightbox=\"yes\" data-elementor-lightbox-slideshow=\"2799651\" data-elementor-lightbox-title=\"_S1A7454-min\" data-e-action-hash=\"#elementor-action%3Aaction%3Dlightbox%26settings%3DeyJpZCI6MTk2LCJ1cmwiOiJodHRwczpcL1wvYWJpY29mZmVlLmZpXC93cC1jb250ZW50XC91cGxvYWRzXC8yMDI0XC8xMVwvUzFBNzQ1NC1taW4uanBnIiwic2xpZGVzaG93IjoiMjc5OTY1MSJ9\" href='https:\/\/abicoffee.fi\/wp-content\/uploads\/2024\/11\/S1A7454-min.jpg'><img decoding=\"async\" width=\"801\" height=\"1201\" src=\"https:\/\/abicoffee.fi\/wp-content\/uploads\/2024\/11\/S1A7454-min.jpg\" class=\"attachment-full size-full\" alt=\"\" srcset=\"https:\/\/abicoffee.fi\/wp-content\/uploads\/2024\/11\/S1A7454-min.jpg 801w, https:\/\/abicoffee.fi\/wp-content\/uploads\/2024\/11\/S1A7454-min-600x900.jpg 600w, https:\/\/abicoffee.fi\/wp-content\/uploads\/2024\/11\/S1A7454-min-200x300.jpg 200w, https:\/\/abicoffee.fi\/wp-content\/uploads\/2024\/11\/S1A7454-min-683x1024.jpg 683w, https:\/\/abicoffee.fi\/wp-content\/uploads\/2024\/11\/S1A7454-min-768x1152.jpg 768w\" sizes=\"(max-width: 801px) 100vw, 801px\" \/><\/a>\n\t\t\t<\/div><\/figure><figure class='gallery-item'>\n\t\t\t<div class='gallery-icon landscape'>\n\t\t\t\t<a data-elementor-open-lightbox=\"yes\" data-elementor-lightbox-slideshow=\"2799651\" data-elementor-lightbox-title=\"_S1A7431 1-min\" data-e-action-hash=\"#elementor-action%3Aaction%3Dlightbox%26settings%3DeyJpZCI6MjkyLCJ1cmwiOiJodHRwczpcL1wvYWJpY29mZmVlLmZpXC93cC1jb250ZW50XC91cGxvYWRzXC8yMDI0XC8xMVwvUzFBNzQzMS0xLW1pbi0xLmpwZyIsInNsaWRlc2hvdyI6IjI3OTk2NTEifQ%3D%3D\" href='https:\/\/abicoffee.fi\/wp-content\/uploads\/2024\/11\/S1A7431-1-min-1.jpg'><img decoding=\"async\" width=\"1441\" height=\"961\" src=\"https:\/\/abicoffee.fi\/wp-content\/uploads\/2024\/11\/S1A7431-1-min-1.jpg\" class=\"attachment-full size-full\" alt=\"\" srcset=\"https:\/\/abicoffee.fi\/wp-content\/uploads\/2024\/11\/S1A7431-1-min-1.jpg 1441w, https:\/\/abicoffee.fi\/wp-content\/uploads\/2024\/11\/S1A7431-1-min-1-600x400.jpg 600w, https:\/\/abicoffee.fi\/wp-content\/uploads\/2024\/11\/S1A7431-1-min-1-300x200.jpg 300w, https:\/\/abicoffee.fi\/wp-content\/uploads\/2024\/11\/S1A7431-1-min-1-1024x683.jpg 1024w, https:\/\/abicoffee.fi\/wp-content\/uploads\/2024\/11\/S1A7431-1-min-1-768x512.jpg 768w\" sizes=\"(max-width: 1441px) 100vw, 1441px\" \/><\/a>\n\t\t\t<\/div><\/figure><figure class='gallery-item'>\n\t\t\t<div class='gallery-icon landscape'>\n\t\t\t\t<a data-elementor-open-lightbox=\"yes\" data-elementor-lightbox-slideshow=\"2799651\" data-elementor-lightbox-title=\"_S1A7389-min\" data-e-action-hash=\"#elementor-action%3Aaction%3Dlightbox%26settings%3DeyJpZCI6Mjk0LCJ1cmwiOiJodHRwczpcL1wvYWJpY29mZmVlLmZpXC93cC1jb250ZW50XC91cGxvYWRzXC8yMDI0XC8xMVwvUzFBNzM4OS1taW4uanBnIiwic2xpZGVzaG93IjoiMjc5OTY1MSJ9\" href='https:\/\/abicoffee.fi\/wp-content\/uploads\/2024\/11\/S1A7389-min.jpg'><img decoding=\"async\" width=\"1201\" height=\"801\" src=\"https:\/\/abicoffee.fi\/wp-content\/uploads\/2024\/11\/S1A7389-min.jpg\" class=\"attachment-full size-full\" alt=\"\" srcset=\"https:\/\/abicoffee.fi\/wp-content\/uploads\/2024\/11\/S1A7389-min.jpg 1201w, https:\/\/abicoffee.fi\/wp-content\/uploads\/2024\/11\/S1A7389-min-600x400.jpg 600w, https:\/\/abicoffee.fi\/wp-content\/uploads\/2024\/11\/S1A7389-min-300x200.jpg 300w, https:\/\/abicoffee.fi\/wp-content\/uploads\/2024\/11\/S1A7389-min-1024x683.jpg 1024w, https:\/\/abicoffee.fi\/wp-content\/uploads\/2024\/11\/S1A7389-min-768x512.jpg 768w\" sizes=\"(max-width: 1201px) 100vw, 1201px\" \/><\/a>\n\t\t\t<\/div><\/figure><figure class='gallery-item'>\n\t\t\t<div class='gallery-icon landscape'>\n\t\t\t\t<a data-elementor-open-lightbox=\"yes\" data-elementor-lightbox-slideshow=\"2799651\" data-elementor-lightbox-title=\"_S1A7403-min\" data-e-action-hash=\"#elementor-action%3Aaction%3Dlightbox%26settings%3DeyJpZCI6Mjk1LCJ1cmwiOiJodHRwczpcL1wvYWJpY29mZmVlLmZpXC93cC1jb250ZW50XC91cGxvYWRzXC8yMDI0XC8xMVwvUzFBNzQwMy1taW4uanBnIiwic2xpZGVzaG93IjoiMjc5OTY1MSJ9\" href='https:\/\/abicoffee.fi\/wp-content\/uploads\/2024\/11\/S1A7403-min.jpg'><img decoding=\"async\" width=\"1201\" height=\"801\" src=\"https:\/\/abicoffee.fi\/wp-content\/uploads\/2024\/11\/S1A7403-min.jpg\" class=\"attachment-full size-full\" alt=\"\" srcset=\"https:\/\/abicoffee.fi\/wp-content\/uploads\/2024\/11\/S1A7403-min.jpg 1201w, https:\/\/abicoffee.fi\/wp-content\/uploads\/2024\/11\/S1A7403-min-600x400.jpg 600w, https:\/\/abicoffee.fi\/wp-content\/uploads\/2024\/11\/S1A7403-min-300x200.jpg 300w, https:\/\/abicoffee.fi\/wp-content\/uploads\/2024\/11\/S1A7403-min-1024x683.jpg 1024w, https:\/\/abicoffee.fi\/wp-content\/uploads\/2024\/11\/S1A7403-min-768x512.jpg 768w\" sizes=\"(max-width: 1201px) 100vw, 1201px\" \/><\/a>\n\t\t\t<\/div><\/figure><figure class='gallery-item'>\n\t\t\t<div class='gallery-icon landscape'>\n\t\t\t\t<a data-elementor-open-lightbox=\"yes\" data-elementor-lightbox-slideshow=\"2799651\" data-elementor-lightbox-title=\"_S1A7405-min\" data-e-action-hash=\"#elementor-action%3Aaction%3Dlightbox%26settings%3DeyJpZCI6Mjk2LCJ1cmwiOiJodHRwczpcL1wvYWJpY29mZmVlLmZpXC93cC1jb250ZW50XC91cGxvYWRzXC8yMDI0XC8xMVwvUzFBNzQwNS1taW4uanBnIiwic2xpZGVzaG93IjoiMjc5OTY1MSJ9\" href='https:\/\/abicoffee.fi\/wp-content\/uploads\/2024\/11\/S1A7405-min.jpg'><img decoding=\"async\" width=\"1201\" height=\"801\" src=\"https:\/\/abicoffee.fi\/wp-content\/uploads\/2024\/11\/S1A7405-min.jpg\" class=\"attachment-full size-full\" alt=\"\" srcset=\"https:\/\/abicoffee.fi\/wp-content\/uploads\/2024\/11\/S1A7405-min.jpg 1201w, https:\/\/abicoffee.fi\/wp-content\/uploads\/2024\/11\/S1A7405-min-600x400.jpg 600w, https:\/\/abicoffee.fi\/wp-content\/uploads\/2024\/11\/S1A7405-min-300x200.jpg 300w, https:\/\/abicoffee.fi\/wp-content\/uploads\/2024\/11\/S1A7405-min-1024x683.jpg 1024w, https:\/\/abicoffee.fi\/wp-content\/uploads\/2024\/11\/S1A7405-min-768x512.jpg 768w\" sizes=\"(max-width: 1201px) 100vw, 1201px\" \/><\/a>\n\t\t\t<\/div><\/figure><figure class='gallery-item'>\n\t\t\t<div class='gallery-icon landscape'>\n\t\t\t\t<a data-elementor-open-lightbox=\"yes\" data-elementor-lightbox-slideshow=\"2799651\" data-elementor-lightbox-title=\"_S1A7466-min\" data-e-action-hash=\"#elementor-action%3Aaction%3Dlightbox%26settings%3DeyJpZCI6Mjk3LCJ1cmwiOiJodHRwczpcL1wvYWJpY29mZmVlLmZpXC93cC1jb250ZW50XC91cGxvYWRzXC8yMDI0XC8xMVwvUzFBNzQ2Ni1taW4uanBnIiwic2xpZGVzaG93IjoiMjc5OTY1MSJ9\" href='https:\/\/abicoffee.fi\/wp-content\/uploads\/2024\/11\/S1A7466-min.jpg'><img decoding=\"async\" width=\"1201\" height=\"801\" src=\"https:\/\/abicoffee.fi\/wp-content\/uploads\/2024\/11\/S1A7466-min.jpg\" class=\"attachment-full size-full\" alt=\"\" srcset=\"https:\/\/abicoffee.fi\/wp-content\/uploads\/2024\/11\/S1A7466-min.jpg 1201w, https:\/\/abicoffee.fi\/wp-content\/uploads\/2024\/11\/S1A7466-min-600x400.jpg 600w, https:\/\/abicoffee.fi\/wp-content\/uploads\/2024\/11\/S1A7466-min-300x200.jpg 300w, https:\/\/abicoffee.fi\/wp-content\/uploads\/2024\/11\/S1A7466-min-1024x683.jpg 1024w, https:\/\/abicoffee.fi\/wp-content\/uploads\/2024\/11\/S1A7466-min-768x512.jpg 768w\" sizes=\"(max-width: 1201px) 100vw, 1201px\" \/><\/a>\n\t\t\t<\/div><\/figure><figure class='gallery-item'>\n\t\t\t<div class='gallery-icon landscape'>\n\t\t\t\t<a data-elementor-open-lightbox=\"yes\" data-elementor-lightbox-slideshow=\"2799651\" data-elementor-lightbox-title=\"_S1A7424-min\" data-e-action-hash=\"#elementor-action%3Aaction%3Dlightbox%26settings%3DeyJpZCI6Mjk4LCJ1cmwiOiJodHRwczpcL1wvYWJpY29mZmVlLmZpXC93cC1jb250ZW50XC91cGxvYWRzXC8yMDI0XC8xMVwvUzFBNzQyNC1taW4tMS5qcGciLCJzbGlkZXNob3ciOiIyNzk5NjUxIn0%3D\" href='https:\/\/abicoffee.fi\/wp-content\/uploads\/2024\/11\/S1A7424-min-1.jpg'><img decoding=\"async\" width=\"1200\" height=\"800\" src=\"https:\/\/abicoffee.fi\/wp-content\/uploads\/2024\/11\/S1A7424-min-1.jpg\" class=\"attachment-full size-full\" alt=\"\" srcset=\"https:\/\/abicoffee.fi\/wp-content\/uploads\/2024\/11\/S1A7424-min-1.jpg 1200w, https:\/\/abicoffee.fi\/wp-content\/uploads\/2024\/11\/S1A7424-min-1-600x400.jpg 600w, https:\/\/abicoffee.fi\/wp-content\/uploads\/2024\/11\/S1A7424-min-1-300x200.jpg 300w, https:\/\/abicoffee.fi\/wp-content\/uploads\/2024\/11\/S1A7424-min-1-1024x683.jpg 1024w, https:\/\/abicoffee.fi\/wp-content\/uploads\/2024\/11\/S1A7424-min-1-768x512.jpg 768w\" sizes=\"(max-width: 1200px) 100vw, 1200px\" \/><\/a>\n\t\t\t<\/div><\/figure>\n\t\t<\/div>\n\t\t<\/div>\n\t\t\t\t\t\t<\/div>\n\t\t\t\t<\/div>\n\t\t\t\t\t<\/div>\n\t\t\t\t<\/div>\n\t\t\t\t<\/div>","protected":false},"excerpt":{"rendered":"<p>PAAHTIMO Aina tuoretta Kev\u00e4\u00e4ll\u00e4 2020 avasimme paahtimomme Kaarinassa, Suomessa. Paahdamme kahvin aina tilauksesta, jotta saat sen mahdollisimman tuoreena. Ota yhteytt\u00e4 \u2013 kerromme mielell\u00e4mme lis\u00e4\u00e4 kahvistamme! Paahtimon k\u00e4yntiosoite (avoinna sopimuksen mukaan)Asianajajankatu 6, Halli 10, Kaarina, Suomi Ota yhteytt\u00e4<\/p>","protected":false},"author":4,"featured_media":0,"parent":0,"menu_order":0,"comment_status":"closed","ping_status":"closed","template":"","meta":{"footnotes":""},"class_list":["post-181","page","type-page","status-publish","hentry"],"blocksy_meta":[],"_links":{"self":[{"href":"https:\/\/abicoffee.fi\/en\/wp-json\/wp\/v2\/pages\/181","targetHints":{"allow":["GET"]}}],"collection":[{"href":"https:\/\/abicoffee.fi\/en\/wp-json\/wp\/v2\/pages"}],"about":[{"href":"https:\/\/abicoffee.fi\/en\/wp-json\/wp\/v2\/types\/page"}],"author":[{"embeddable":true,"href":"https:\/\/abicoffee.fi\/en\/wp-json\/wp\/v2\/users\/4"}],"replies":[{"embeddable":true,"href":"https:\/\/abicoffee.fi\/en\/wp-json\/wp\/v2\/comments?post=181"}],"version-history":[{"count":20,"href":"https:\/\/abicoffee.fi\/en\/wp-json\/wp\/v2\/pages\/181\/revisions"}],"predecessor-version":[{"id":353,"href":"https:\/\/abicoffee.fi\/en\/wp-json\/wp\/v2\/pages\/181\/revisions\/353"}],"wp:attachment":[{"href":"https:\/\/abicoffee.fi\/en\/wp-json\/wp\/v2\/media?parent=181"}],"curies":[{"name":"wp","href":"https:\/\/api.w.org\/{rel}","templated":true}]}}