{"id":160,"date":"2024-11-12T14:27:20","date_gmt":"2024-11-12T12:27:20","guid":{"rendered":"https:\/\/abicoffee.fi\/?page_id=160"},"modified":"2024-12-16T15:17:43","modified_gmt":"2024-12-16T13:17:43","slug":"tarinamme","status":"publish","type":"page","link":"https:\/\/abicoffee.fi\/en\/tarinamme\/","title":{"rendered":"Our story"},"content":{"rendered":"<div data-elementor-type=\"wp-page\" data-elementor-id=\"160\" class=\"elementor elementor-160\">\n\t\t\t\t<div class=\"elementor-element elementor-element-65d8bb45 e-flex e-con-boxed e-con e-parent\" data-id=\"65d8bb45\" data-element_type=\"container\" data-e-type=\"container\" data-settings=\"{&quot;background_background&quot;:&quot;classic&quot;}\">\n\t\t\t\t\t<div class=\"e-con-inner\">\n\t\t\t\t<div class=\"elementor-element elementor-element-1affd6b elementor-widget elementor-widget-heading\" data-id=\"1affd6b\" data-element_type=\"widget\" data-e-type=\"widget\" data-widget_type=\"heading.default\">\n\t\t\t\t<div class=\"elementor-widget-container\">\n\t\t\t\t\t<h1 class=\"elementor-heading-title elementor-size-default\">OUR STORY<\/h1>\t\t\t\t<\/div>\n\t\t\t\t<\/div>\n\t\t\t\t\t<\/div>\n\t\t\t\t<\/div>\n\t\t<div class=\"elementor-element elementor-element-21fa02c4 e-flex e-con-boxed e-con e-parent\" data-id=\"21fa02c4\" data-element_type=\"container\" data-e-type=\"container\">\n\t\t\t\t\t<div class=\"e-con-inner\">\n\t\t<div class=\"elementor-element elementor-element-229ce176 e-con-full e-flex e-con e-child\" data-id=\"229ce176\" data-element_type=\"container\" data-e-type=\"container\">\n\t\t\t\t<div class=\"elementor-element elementor-element-719826e0 elementor-widget elementor-widget-image\" data-id=\"719826e0\" data-element_type=\"widget\" data-e-type=\"widget\" data-widget_type=\"image.default\">\n\t\t\t\t<div class=\"elementor-widget-container\">\n\t\t\t\t\t\t\t\t\t\t\t\t\t\t\t<img decoding=\"async\" width=\"1024\" height=\"684\" src=\"https:\/\/abicoffee.fi\/wp-content\/uploads\/2024\/11\/top-view-of-ground-coffee-in-portafilter-on-coffee-beans-background-1024x684.jpg\" class=\"attachment-large size-large wp-image-163\" alt=\"\" srcset=\"https:\/\/abicoffee.fi\/wp-content\/uploads\/2024\/11\/top-view-of-ground-coffee-in-portafilter-on-coffee-beans-background-1024x684.jpg 1024w, https:\/\/abicoffee.fi\/wp-content\/uploads\/2024\/11\/top-view-of-ground-coffee-in-portafilter-on-coffee-beans-background-600x401.jpg 600w, https:\/\/abicoffee.fi\/wp-content\/uploads\/2024\/11\/top-view-of-ground-coffee-in-portafilter-on-coffee-beans-background-300x200.jpg 300w, https:\/\/abicoffee.fi\/wp-content\/uploads\/2024\/11\/top-view-of-ground-coffee-in-portafilter-on-coffee-beans-background-768x513.jpg 768w, https:\/\/abicoffee.fi\/wp-content\/uploads\/2024\/11\/top-view-of-ground-coffee-in-portafilter-on-coffee-beans-background-1536x1025.jpg 1536w, https:\/\/abicoffee.fi\/wp-content\/uploads\/2024\/11\/top-view-of-ground-coffee-in-portafilter-on-coffee-beans-background.jpg 2000w\" sizes=\"(max-width: 1024px) 100vw, 1024px\" \/>\t\t\t\t\t\t\t\t\t\t\t\t\t\t\t<\/div>\n\t\t\t\t<\/div>\n\t\t\t\t<\/div>\n\t\t<div class=\"elementor-element elementor-element-54b2a257 e-con-full e-flex e-con e-child\" data-id=\"54b2a257\" data-element_type=\"container\" data-e-type=\"container\">\n\t\t<div class=\"elementor-element elementor-element-1c27fb9 e-con-full e-flex e-con e-child\" data-id=\"1c27fb9\" data-element_type=\"container\" data-e-type=\"container\">\n\t\t\t\t<div class=\"elementor-element elementor-element-bebe800 elementor-widget__width-auto elementor-widget-mobile__width-auto elementor-widget elementor-widget-text-editor\" data-id=\"bebe800\" data-element_type=\"widget\" data-e-type=\"widget\" data-widget_type=\"text-editor.default\">\n\t\t\t\t<div class=\"elementor-widget-container\">\n\t\t\t\t\t\t\t\t\t<p>ABI COFFEE<\/p>\t\t\t\t\t\t\t\t<\/div>\n\t\t\t\t<\/div>\n\t\t\t\t<div class=\"elementor-element elementor-element-daf0c4f elementor-widget-mobile__width-auto elementor-widget-divider--view-line elementor-widget elementor-widget-divider\" data-id=\"daf0c4f\" data-element_type=\"widget\" data-e-type=\"widget\" data-widget_type=\"divider.default\">\n\t\t\t\t<div class=\"elementor-widget-container\">\n\t\t\t\t\t\t\t<div class=\"elementor-divider\">\n\t\t\t<span class=\"elementor-divider-separator\">\n\t\t\t\t\t\t<\/span>\n\t\t<\/div>\n\t\t\t\t\t\t<\/div>\n\t\t\t\t<\/div>\n\t\t\t\t<\/div>\n\t\t<div class=\"elementor-element elementor-element-4ebed258 e-con-full e-flex e-con e-child\" data-id=\"4ebed258\" data-element_type=\"container\" data-e-type=\"container\">\n\t\t\t\t<div class=\"elementor-element elementor-element-2dfbd27e elementor-widget elementor-widget-heading\" data-id=\"2dfbd27e\" data-element_type=\"widget\" data-e-type=\"widget\" data-widget_type=\"heading.default\">\n\t\t\t\t<div class=\"elementor-widget-container\">\n\t\t\t\t\t<h2 class=\"elementor-heading-title elementor-size-default\">OUR STORY<\/h2>\t\t\t\t<\/div>\n\t\t\t\t<\/div>\n\t\t\t\t<\/div>\n\t\t\t\t<\/div>\n\t\t\t\t\t<\/div>\n\t\t\t\t<\/div>\n\t\t<div class=\"elementor-element elementor-element-6717625f e-flex e-con-boxed e-con e-parent\" data-id=\"6717625f\" data-element_type=\"container\" data-e-type=\"container\">\n\t\t\t\t\t<div class=\"e-con-inner\">\n\t\t<div class=\"elementor-element elementor-element-4fb2467d e-con-full e-flex e-con e-child\" data-id=\"4fb2467d\" data-element_type=\"container\" data-e-type=\"container\">\n\t\t<div class=\"elementor-element elementor-element-4c4ddbb1 e-con-full e-flex e-con e-child\" data-id=\"4c4ddbb1\" data-element_type=\"container\" data-e-type=\"container\">\n\t\t\t\t<div class=\"elementor-element elementor-element-2d8f7074 elementor-widget elementor-widget-text-editor\" data-id=\"2d8f7074\" data-element_type=\"widget\" data-e-type=\"widget\" data-widget_type=\"text-editor.default\">\n\t\t\t\t<div class=\"elementor-widget-container\">\n\t\t\t\t\t\t\t\t\t<p>We have a close relationship with Ethiopia; we know the terrain and where the premium coffee beans are grown. Our coffee expert Helen Ghebrehiwet was born in the Sidamo region of Ethiopia. Sidamo has a long tradition of coffee growing so Helen became familiar with coffee from an early age.<\/p><p>\u201cAs a child we tasted the beans directly from the coffee bushes. That is my first, very sweet and strong memory of coffee.\u201d<\/p><p>Helen then came to Finland from Ethiopia in 1997 when she got a scholarship to a horticultural school.<\/p><p>\"I am married and a mother of two wonderful children. I always tell my eldest son: You are smart and you know languages. You can help Ethiopia and Finland find each other in many ways.\u201d<\/p><p>This is exactly what Helen is now implementing herself through Abi Coffee. An entrepreneur since 2012, Helen knows that quality and reliability are key in entrepreneurship, and this is exactly what Abi Coffee is all about.<\/p><p>As demand for our beans grew rapidly in Finland, we decided to open our own roastery. In spring 2020, we opened the doors of our roastery in Kaarina, Finland, and since then we have managed the entire process from importing green coffee to roasting, grinding, and packaging. By removing expensive middlemen, we can offer the highest quality coffee while providing work opportunities in both Ethiopia, Finland and now also in Sweden as we now launch Abi Coffee on the Swedish market through Helen's sister Camilla who grew up in Sweden. The sisters met for the first time as adults and now Camilla together with four partners will be the agent for Abi Coffee in Sweden.<\/p>\t\t\t\t\t\t\t\t<\/div>\n\t\t\t\t<\/div>\n\t\t\t\t<div class=\"elementor-element elementor-element-11bb3d8 elementor-widget elementor-widget-progress\" data-id=\"11bb3d8\" data-element_type=\"widget\" data-e-type=\"widget\" data-widget_type=\"progress.default\">\n\t\t\t\t<div class=\"elementor-widget-container\">\n\t\t\t\t\t\n\t\t<div class=\"elementor-progress-wrapper\" role=\"progressbar\" aria-valuemin=\"0\" aria-valuemax=\"100\" aria-valuenow=\"99.7\" aria-valuetext=\"99.7% (Kahvin laatu)\">\n\t\t\t<div class=\"elementor-progress-bar\" data-max=\"99.7\">\n\t\t\t\t<span class=\"elementor-progress-text\">Product quality<\/span>\n\t\t\t\t\t\t\t\t\t<span class=\"elementor-progress-percentage\">99.7%<\/span>\n\t\t\t\t\t\t\t<\/div>\n\t\t<\/div>\n\t\t\t\t\t\t<\/div>\n\t\t\t\t<\/div>\n\t\t\t\t<div class=\"elementor-element elementor-element-888c718 elementor-widget elementor-widget-progress\" data-id=\"888c718\" data-element_type=\"widget\" data-e-type=\"widget\" data-widget_type=\"progress.default\">\n\t\t\t\t<div class=\"elementor-widget-container\">\n\t\t\t\t\t\n\t\t<div class=\"elementor-progress-wrapper\" role=\"progressbar\" aria-valuemin=\"0\" aria-valuemax=\"100\" aria-valuenow=\"96.8\" aria-valuetext=\"96.8% (Asiakastyytyv\u00e4isyys)\">\n\t\t\t<div class=\"elementor-progress-bar\" data-max=\"96.8\">\n\t\t\t\t<span class=\"elementor-progress-text\">Satisfied customers<\/span>\n\t\t\t\t\t\t\t\t\t<span class=\"elementor-progress-percentage\">96.8%<\/span>\n\t\t\t\t\t\t\t<\/div>\n\t\t<\/div>\n\t\t\t\t\t\t<\/div>\n\t\t\t\t<\/div>\n\t\t\t\t<\/div>\n\t\t\t\t<\/div>\n\t\t<div class=\"elementor-element elementor-element-5183f205 e-con-full e-flex e-con e-child\" data-id=\"5183f205\" data-element_type=\"container\" data-e-type=\"container\">\n\t\t\t\t<div class=\"elementor-element elementor-element-399e3308 elementor-widget elementor-widget-image\" data-id=\"399e3308\" data-element_type=\"widget\" data-e-type=\"widget\" data-widget_type=\"image.default\">\n\t\t\t\t<div class=\"elementor-widget-container\">\n\t\t\t\t\t\t\t\t\t\t\t\t\t\t\t<img decoding=\"async\" width=\"683\" height=\"1024\" src=\"https:\/\/abicoffee.fi\/wp-content\/uploads\/2024\/11\/ABI-Coffee-About-Our-Coffee-683x1024.jpg\" class=\"attachment-large size-large wp-image-61\" alt=\"\" srcset=\"https:\/\/abicoffee.fi\/wp-content\/uploads\/2024\/11\/ABI-Coffee-About-Our-Coffee-683x1024.jpg 683w, https:\/\/abicoffee.fi\/wp-content\/uploads\/2024\/11\/ABI-Coffee-About-Our-Coffee-600x900.jpg 600w, https:\/\/abicoffee.fi\/wp-content\/uploads\/2024\/11\/ABI-Coffee-About-Our-Coffee-200x300.jpg 200w, https:\/\/abicoffee.fi\/wp-content\/uploads\/2024\/11\/ABI-Coffee-About-Our-Coffee-768x1152.jpg 768w, https:\/\/abicoffee.fi\/wp-content\/uploads\/2024\/11\/ABI-Coffee-About-Our-Coffee-1024x1536.jpg 1024w, https:\/\/abicoffee.fi\/wp-content\/uploads\/2024\/11\/ABI-Coffee-About-Our-Coffee-1365x2048.jpg 1365w, https:\/\/abicoffee.fi\/wp-content\/uploads\/2024\/11\/ABI-Coffee-About-Our-Coffee.jpg 1600w\" sizes=\"(max-width: 683px) 100vw, 683px\" \/>\t\t\t\t\t\t\t\t\t\t\t\t\t\t\t<\/div>\n\t\t\t\t<\/div>\n\t\t\t\t<\/div>\n\t\t\t\t\t<\/div>\n\t\t\t\t<\/div>\n\t\t<div class=\"elementor-element elementor-element-ad62bb4 e-flex e-con-boxed e-con e-parent\" data-id=\"ad62bb4\" data-element_type=\"container\" data-e-type=\"container\" data-settings=\"{&quot;background_background&quot;:&quot;classic&quot;}\">\n\t\t\t\t\t<div class=\"e-con-inner\">\n\t\t\t\t<div class=\"elementor-element elementor-element-143f74c elementor-widget elementor-widget-text-editor\" data-id=\"143f74c\" data-element_type=\"widget\" data-e-type=\"widget\" data-widget_type=\"text-editor.default\">\n\t\t\t\t<div class=\"elementor-widget-container\">\n\t\t\t\t\t\t\t\t\t<p>At the beginning of our story, we brought coffee beans with us from Ethiopia to Finland and the beans ended up at the best roasteries in the country. Demand started to grow rapidly and people asked where to get our coffee. Since then, we started thinking about roasting the coffee ourselves. That's how the story of Abi Coffee began. \n\nIn the spring of 2020, we opened our own small roastery near in Kaarina, Finland, and today we manage the entire process from importing green coffee to roasting, grinding, and packaging the coffee, with our family business. By cutting unnecessary and expensive middlemen out of the equation, we can offer the highest quality coffee to everyone. At the same time, we can increase the work in both our home countries: Finland and Ethiopia. It is important for us to offer coffee that combines the characteristics that are important to Finns, such as quality and flavor, as well as the possibility to secure the income of farmers in the country of origin. At Abi Coffee, we are personally responsible for ensuring that all our coffee beans are always of the best quality.<\/p>\t\t\t\t\t\t\t\t<\/div>\n\t\t\t\t<\/div>\n\t\t\t\t<div class=\"elementor-element elementor-element-b931297 elementor-align-center elementor-widget elementor-widget-button\" data-id=\"b931297\" data-element_type=\"widget\" data-e-type=\"widget\" data-widget_type=\"button.default\">\n\t\t\t\t<div class=\"elementor-widget-container\">\n\t\t\t\t\t\t\t\t\t<div class=\"elementor-button-wrapper\">\n\t\t\t\t\t<a class=\"elementor-button elementor-button-link elementor-size-sm\" href=\"https:\/\/abicoffee.fi\/en\/yhteystiedot\/\">\n\t\t\t\t\t\t<span class=\"elementor-button-content-wrapper\">\n\t\t\t\t\t\t\t\t\t<span class=\"elementor-button-text\">Order now<\/span>\n\t\t\t\t\t<\/span>\n\t\t\t\t\t<\/a>\n\t\t\t\t<\/div>\n\t\t\t\t\t\t\t\t<\/div>\n\t\t\t\t<\/div>\n\t\t\t\t\t<\/div>\n\t\t\t\t<\/div>\n\t\t\t\t<\/div>","protected":false},"excerpt":{"rendered":"<p>TARINAMME ABI COFFEE Meid\u00e4n tarinamme Meill\u00e4 on l\u00e4heinen yhteys Etiopiaan; tunnemme maaston ja tied\u00e4mme tarkkaan, miss\u00e4 parhaat kahvipavut kasvavat. Kahviasiantuntijamme Helen Ghebrehiwet on syntynyt Etiopian Sidamon alueella. Sidamolla on pitk\u00e4t perinteet kahvinviljelyss\u00e4, joten Helen tutustui kahviin jo nuorella i\u00e4ll\u00e4. \u201cLapsena maistelimme papuja suoraan kahvipensaista. Se on ensimm\u00e4inen, eritt\u00e4in makea ja voimakas muistoni kahvista.\u201d Helen muutti [&hellip;]<\/p>\n","protected":false},"author":4,"featured_media":0,"parent":0,"menu_order":0,"comment_status":"closed","ping_status":"closed","template":"","meta":{"footnotes":""},"class_list":["post-160","page","type-page","status-publish","hentry"],"blocksy_meta":[],"_links":{"self":[{"href":"https:\/\/abicoffee.fi\/en\/wp-json\/wp\/v2\/pages\/160","targetHints":{"allow":["GET"]}}],"collection":[{"href":"https:\/\/abicoffee.fi\/en\/wp-json\/wp\/v2\/pages"}],"about":[{"href":"https:\/\/abicoffee.fi\/en\/wp-json\/wp\/v2\/types\/page"}],"author":[{"embeddable":true,"href":"https:\/\/abicoffee.fi\/en\/wp-json\/wp\/v2\/users\/4"}],"replies":[{"embeddable":true,"href":"https:\/\/abicoffee.fi\/en\/wp-json\/wp\/v2\/comments?post=160"}],"version-history":[{"count":19,"href":"https:\/\/abicoffee.fi\/en\/wp-json\/wp\/v2\/pages\/160\/revisions"}],"predecessor-version":[{"id":356,"href":"https:\/\/abicoffee.fi\/en\/wp-json\/wp\/v2\/pages\/160\/revisions\/356"}],"wp:attachment":[{"href":"https:\/\/abicoffee.fi\/en\/wp-json\/wp\/v2\/media?parent=160"}],"curies":[{"name":"wp","href":"https:\/\/api.w.org\/{rel}","templated":true}]}}