{"id":141,"date":"2024-11-12T14:21:15","date_gmt":"2024-11-12T12:21:15","guid":{"rendered":"https:\/\/abicoffee.fi\/?page_id=141"},"modified":"2024-12-16T15:16:26","modified_gmt":"2024-12-16T13:16:26","slug":"kasvattajat","status":"publish","type":"page","link":"https:\/\/abicoffee.fi\/en\/kasvattajat\/","title":{"rendered":"The Farmers"},"content":{"rendered":"<div data-elementor-type=\"wp-page\" data-elementor-id=\"141\" class=\"elementor elementor-141\">\n\t\t\t\t<div class=\"elementor-element elementor-element-21270850 e-flex e-con-boxed e-con e-parent\" data-id=\"21270850\" data-element_type=\"container\" data-e-type=\"container\" data-settings=\"{&quot;background_background&quot;:&quot;classic&quot;}\">\n\t\t\t\t\t<div class=\"e-con-inner\">\n\t\t\t\t<div class=\"elementor-element elementor-element-6f1c0c74 elementor-widget elementor-widget-heading\" data-id=\"6f1c0c74\" data-element_type=\"widget\" data-e-type=\"widget\" data-widget_type=\"heading.default\">\n\t\t\t\t<div class=\"elementor-widget-container\">\n\t\t\t\t\t<h1 class=\"elementor-heading-title elementor-size-default\">THE FARMERS<\/h1>\t\t\t\t<\/div>\n\t\t\t\t<\/div>\n\t\t\t\t\t<\/div>\n\t\t\t\t<\/div>\n\t\t<div class=\"elementor-element elementor-element-375c9898 e-flex e-con-boxed e-con e-parent\" data-id=\"375c9898\" data-element_type=\"container\" data-e-type=\"container\">\n\t\t\t\t\t<div class=\"e-con-inner\">\n\t\t<div class=\"elementor-element elementor-element-7e4c37b6 e-con-full e-flex e-con e-child\" data-id=\"7e4c37b6\" data-element_type=\"container\" data-e-type=\"container\">\n\t\t<div class=\"elementor-element elementor-element-4a27e8bb e-con-full e-flex e-con e-child\" data-id=\"4a27e8bb\" data-element_type=\"container\" data-e-type=\"container\">\n\t\t\t\t<div class=\"elementor-element elementor-element-6f663ba1 elementor-widget elementor-widget-heading\" data-id=\"6f663ba1\" data-element_type=\"widget\" data-e-type=\"widget\" data-widget_type=\"heading.default\">\n\t\t\t\t<div class=\"elementor-widget-container\">\n\t\t\t\t\t<h2 class=\"elementor-heading-title elementor-size-default\">The Farmers<\/h2>\t\t\t\t<\/div>\n\t\t\t\t<\/div>\n\t\t\t\t<div class=\"elementor-element elementor-element-53b1cf13 elementor-widget elementor-widget-text-editor\" data-id=\"53b1cf13\" data-element_type=\"widget\" data-e-type=\"widget\" data-widget_type=\"text-editor.default\">\n\t\t\t\t<div class=\"elementor-widget-container\">\n\t\t\t\t\t\t\t\t\t<p>Ethiopian coffee is historically very popular and the demand is growing all the time.\nWe buy our delicious green coffee directly from four farmers in Ethiopia and bring it to our coffee roastery in Finland. By working directly with the farmers, we eliminate middlemen and ensure fair compensation. You can enjoy your coffee with a clear conscience, knowing that every cup you drink supports a sustainable and fair coffee industry.<\/p><p>We take sustainability seriously.<\/p>\t\t\t\t\t\t\t\t<\/div>\n\t\t\t\t<\/div>\n\t\t\t\t<div class=\"elementor-element elementor-element-47beee7d elementor-widget elementor-widget-button\" data-id=\"47beee7d\" data-element_type=\"widget\" data-e-type=\"widget\" data-widget_type=\"button.default\">\n\t\t\t\t<div class=\"elementor-widget-container\">\n\t\t\t\t\t\t\t\t\t<div class=\"elementor-button-wrapper\">\n\t\t\t\t\t<a class=\"elementor-button elementor-button-link elementor-size-sm\" href=\"https:\/\/abicoffee.fi\/en\/yhteystiedot\/\">\n\t\t\t\t\t\t<span class=\"elementor-button-content-wrapper\">\n\t\t\t\t\t\t\t\t\t<span class=\"elementor-button-text\">Order here<\/span>\n\t\t\t\t\t<\/span>\n\t\t\t\t\t<\/a>\n\t\t\t\t<\/div>\n\t\t\t\t\t\t\t\t<\/div>\n\t\t\t\t<\/div>\n\t\t\t\t<\/div>\n\t\t\t\t<\/div>\n\t\t<div class=\"elementor-element elementor-element-445e2a60 e-con-full e-flex e-con e-child\" data-id=\"445e2a60\" data-element_type=\"container\" data-e-type=\"container\">\n\t\t\t\t<div class=\"elementor-element elementor-element-5ff70875 elementor-widget elementor-widget-image\" data-id=\"5ff70875\" data-element_type=\"widget\" data-e-type=\"widget\" data-widget_type=\"image.default\">\n\t\t\t\t<div class=\"elementor-widget-container\">\n\t\t\t\t\t\t\t\t\t\t\t\t\t\t\t<img decoding=\"async\" width=\"1024\" height=\"682\" src=\"https:\/\/abicoffee.fi\/wp-content\/uploads\/2024\/11\/coffee-beans-are-dried-in-the-greenhouse--1024x682.jpg\" class=\"attachment-large size-large wp-image-147\" alt=\"\" srcset=\"https:\/\/abicoffee.fi\/wp-content\/uploads\/2024\/11\/coffee-beans-are-dried-in-the-greenhouse--1024x682.jpg 1024w, https:\/\/abicoffee.fi\/wp-content\/uploads\/2024\/11\/coffee-beans-are-dried-in-the-greenhouse--600x400.jpg 600w, https:\/\/abicoffee.fi\/wp-content\/uploads\/2024\/11\/coffee-beans-are-dried-in-the-greenhouse--300x200.jpg 300w, https:\/\/abicoffee.fi\/wp-content\/uploads\/2024\/11\/coffee-beans-are-dried-in-the-greenhouse--768x512.jpg 768w, https:\/\/abicoffee.fi\/wp-content\/uploads\/2024\/11\/coffee-beans-are-dried-in-the-greenhouse--1536x1024.jpg 1536w, https:\/\/abicoffee.fi\/wp-content\/uploads\/2024\/11\/coffee-beans-are-dried-in-the-greenhouse-.jpg 2000w\" sizes=\"(max-width: 1024px) 100vw, 1024px\" \/>\t\t\t\t\t\t\t\t\t\t\t\t\t\t\t<\/div>\n\t\t\t\t<\/div>\n\t\t\t\t<\/div>\n\t\t\t\t\t<\/div>\n\t\t\t\t<\/div>\n\t\t\t\t<\/div>","protected":false},"excerpt":{"rendered":"<p>KASVATTAJAT Kasvattajat Etiopialainen kahvi on historiallisesti hyvin suosittua, ja sen kysynt\u00e4 kasvaa jatkuvasti. Ostamme herkulliset vihre\u00e4t kahvipavut suoraan nelj\u00e4lt\u00e4 viljelij\u00e4lt\u00e4 Etiopiasta ja tuomme ne paahtimollemme Suomeen. Ty\u00f6skentelem\u00e4ll\u00e4 suoraan viljelij\u00f6iden kanssa poistamme v\u00e4lik\u00e4det ja varmistamme reilun korvauksen viljelij\u00f6ille. Voit nauttia kahvisi hyv\u00e4ll\u00e4 omallatunnolla, sill\u00e4 jokainen juomasi kuppi tukee kest\u00e4v\u00e4\u00e4 ja oikeudenmukaista kahvintuotantoa. Otamme kest\u00e4v\u00e4n kehityksen vakavasti. [&hellip;]<\/p>\n","protected":false},"author":4,"featured_media":0,"parent":0,"menu_order":0,"comment_status":"closed","ping_status":"closed","template":"","meta":{"footnotes":""},"class_list":["post-141","page","type-page","status-publish","hentry"],"blocksy_meta":[],"_links":{"self":[{"href":"https:\/\/abicoffee.fi\/en\/wp-json\/wp\/v2\/pages\/141","targetHints":{"allow":["GET"]}}],"collection":[{"href":"https:\/\/abicoffee.fi\/en\/wp-json\/wp\/v2\/pages"}],"about":[{"href":"https:\/\/abicoffee.fi\/en\/wp-json\/wp\/v2\/types\/page"}],"author":[{"embeddable":true,"href":"https:\/\/abicoffee.fi\/en\/wp-json\/wp\/v2\/users\/4"}],"replies":[{"embeddable":true,"href":"https:\/\/abicoffee.fi\/en\/wp-json\/wp\/v2\/comments?post=141"}],"version-history":[{"count":13,"href":"https:\/\/abicoffee.fi\/en\/wp-json\/wp\/v2\/pages\/141\/revisions"}],"predecessor-version":[{"id":350,"href":"https:\/\/abicoffee.fi\/en\/wp-json\/wp\/v2\/pages\/141\/revisions\/350"}],"wp:attachment":[{"href":"https:\/\/abicoffee.fi\/en\/wp-json\/wp\/v2\/media?parent=141"}],"curies":[{"name":"wp","href":"https:\/\/api.w.org\/{rel}","templated":true}]}}