{"id":112,"date":"2024-11-12T13:50:51","date_gmt":"2024-11-12T11:50:51","guid":{"rendered":"https:\/\/abicoffee.fi\/?page_id=112"},"modified":"2025-01-14T10:56:27","modified_gmt":"2025-01-14T08:56:27","slug":"kahvimme","status":"publish","type":"page","link":"https:\/\/abicoffee.fi\/en\/kahvimme\/","title":{"rendered":"Our coffee"},"content":{"rendered":"<div data-elementor-type=\"wp-page\" data-elementor-id=\"112\" class=\"elementor elementor-112\">\n\t\t\t\t<div class=\"elementor-element elementor-element-6c4f028 e-flex e-con-boxed e-con e-parent\" data-id=\"6c4f028\" data-element_type=\"container\" data-e-type=\"container\" data-settings=\"{&quot;background_background&quot;:&quot;classic&quot;}\">\n\t\t\t\t\t<div class=\"e-con-inner\">\n\t\t\t\t<div class=\"elementor-element elementor-element-8a96e61 elementor-widget elementor-widget-heading\" data-id=\"8a96e61\" data-element_type=\"widget\" data-e-type=\"widget\" data-widget_type=\"heading.default\">\n\t\t\t\t<div class=\"elementor-widget-container\">\n\t\t\t\t\t<h1 class=\"elementor-heading-title elementor-size-default\">OUR COFFEE<\/h1>\t\t\t\t<\/div>\n\t\t\t\t<\/div>\n\t\t\t\t\t<\/div>\n\t\t\t\t<\/div>\n\t\t<div class=\"elementor-element elementor-element-233d0787 e-flex e-con-boxed e-con e-parent\" data-id=\"233d0787\" data-element_type=\"container\" data-e-type=\"container\">\n\t\t\t\t\t<div class=\"e-con-inner\">\n\t\t<div class=\"elementor-element elementor-element-2b8caefa e-con-full e-flex e-con e-child\" data-id=\"2b8caefa\" data-element_type=\"container\" data-e-type=\"container\">\n\t\t\t\t<div class=\"elementor-element elementor-element-10e1cdb7 elementor-widget elementor-widget-image\" data-id=\"10e1cdb7\" data-element_type=\"widget\" data-e-type=\"widget\" data-widget_type=\"image.default\">\n\t\t\t\t<div class=\"elementor-widget-container\">\n\t\t\t\t\t\t\t\t\t\t\t\t\t\t\t<img decoding=\"async\" width=\"1024\" height=\"768\" src=\"https:\/\/abicoffee.fi\/wp-content\/uploads\/2024\/11\/brooke-cagle-X4RJG4aNi8o-unsplash-1024x768.jpeg\" class=\"attachment-large size-large wp-image-122\" alt=\"\" srcset=\"https:\/\/abicoffee.fi\/wp-content\/uploads\/2024\/11\/brooke-cagle-X4RJG4aNi8o-unsplash-1024x768.jpeg 1024w, https:\/\/abicoffee.fi\/wp-content\/uploads\/2024\/11\/brooke-cagle-X4RJG4aNi8o-unsplash-600x450.jpeg 600w, https:\/\/abicoffee.fi\/wp-content\/uploads\/2024\/11\/brooke-cagle-X4RJG4aNi8o-unsplash-300x225.jpeg 300w, https:\/\/abicoffee.fi\/wp-content\/uploads\/2024\/11\/brooke-cagle-X4RJG4aNi8o-unsplash-768x576.jpeg 768w, https:\/\/abicoffee.fi\/wp-content\/uploads\/2024\/11\/brooke-cagle-X4RJG4aNi8o-unsplash-1536x1152.jpeg 1536w, https:\/\/abicoffee.fi\/wp-content\/uploads\/2024\/11\/brooke-cagle-X4RJG4aNi8o-unsplash-2048x1536.jpeg 2048w\" sizes=\"(max-width: 1024px) 100vw, 1024px\" \/>\t\t\t\t\t\t\t\t\t\t\t\t\t\t\t<\/div>\n\t\t\t\t<\/div>\n\t\t\t\t<\/div>\n\t\t<div class=\"elementor-element elementor-element-6ffcad13 e-con-full e-flex e-con e-child\" data-id=\"6ffcad13\" data-element_type=\"container\" data-e-type=\"container\">\n\t\t<div class=\"elementor-element elementor-element-1b74e3e e-con-full e-flex e-con e-child\" data-id=\"1b74e3e\" data-element_type=\"container\" data-e-type=\"container\">\n\t\t\t\t<div class=\"elementor-element elementor-element-2fe69b2 elementor-widget elementor-widget-heading\" data-id=\"2fe69b2\" data-element_type=\"widget\" data-e-type=\"widget\" data-widget_type=\"heading.default\">\n\t\t\t\t<div class=\"elementor-widget-container\">\n\t\t\t\t\t<h2 class=\"elementor-heading-title elementor-size-default\">100 % natural Ethiopian coffee directly from the farmers<\/h2>\t\t\t\t<\/div>\n\t\t\t\t<\/div>\n\t\t\t\t<div class=\"elementor-element elementor-element-10dc3ee elementor-widget elementor-widget-text-editor\" data-id=\"10dc3ee\" data-element_type=\"widget\" data-e-type=\"widget\" data-widget_type=\"text-editor.default\">\n\t\t\t\t<div class=\"elementor-widget-container\">\n\t\t\t\t\t\t\t\t\t<p>Abi Coffee is of the highest quality! We bring the raw coffee from Ethiopia to Finland directly from the growers without intermediaries, so our coffee enables not only an excellent flavor experience, but also a sustainable and fair coffee industry. The origin of our coffee is traceable and grown in southern Ethiopia. The coffee variety is Heirloom and our product family includes three different coffee varieties: Sidamo, Guji and Yirgacheffe, each with its own charming aroma and grown in the areas of Aleta Bena, Gabicho Rogicha, and Gedeb. The beans are grown at an altitude of 1900\u20132300 meters above sea level. The grade of our coffees is class 1 and the processing is natural.<\/p><p>From the sunny fields of Ethiopia to your cup, we proudly bring our coffee straight from the growers to our roastery in Finland, with no middlemen. Each cup bears traces of craftsmanship and responsibility, while delivering an unrivaled taste experience. Our coffee is dried under the Ethiopian sun. We roast, grind and pack the coffee in our roastery in Kaarina, Finland.<\/p><p>Welcome to Abi Coffee where coffee is more than just a drink \u2013 it's a journey to the origin of coffee.<\/p>\t\t\t\t\t\t\t\t<\/div>\n\t\t\t\t<\/div>\n\t\t\t\t<div class=\"elementor-element elementor-element-6ca4e1a1 elementor-widget elementor-widget-button\" data-id=\"6ca4e1a1\" data-element_type=\"widget\" data-e-type=\"widget\" data-widget_type=\"button.default\">\n\t\t\t\t<div class=\"elementor-widget-container\">\n\t\t\t\t\t\t\t\t\t<div class=\"elementor-button-wrapper\">\n\t\t\t\t\t<a class=\"elementor-button elementor-button-link elementor-size-sm\" href=\"https:\/\/abicoffee.fi\/en\/yhteystiedot\/\">\n\t\t\t\t\t\t<span class=\"elementor-button-content-wrapper\">\n\t\t\t\t\t\t\t\t\t<span class=\"elementor-button-text\">Contact us<\/span>\n\t\t\t\t\t<\/span>\n\t\t\t\t\t<\/a>\n\t\t\t\t<\/div>\n\t\t\t\t\t\t\t\t<\/div>\n\t\t\t\t<\/div>\n\t\t\t\t<\/div>\n\t\t\t\t<\/div>\n\t\t\t\t\t<\/div>\n\t\t\t\t<\/div>\n\t\t<div class=\"elementor-element elementor-element-1f92c83 e-flex e-con-boxed e-con e-parent\" data-id=\"1f92c83\" data-element_type=\"container\" data-e-type=\"container\" data-settings=\"{&quot;background_background&quot;:&quot;classic&quot;}\">\n\t\t\t\t\t<div class=\"e-con-inner\">\n\t\t<div class=\"elementor-element elementor-element-08f7d29 e-grid e-con-full e-con e-child\" data-id=\"08f7d29\" data-element_type=\"container\" data-e-type=\"container\">\n\t\t\t\t<div class=\"elementor-element elementor-element-cd066a5 elementor-widget elementor-widget-image\" data-id=\"cd066a5\" data-element_type=\"widget\" data-e-type=\"widget\" data-widget_type=\"image.default\">\n\t\t\t\t<div class=\"elementor-widget-container\">\n\t\t\t\t\t\t\t\t\t\t\t\t\t\t\t<img decoding=\"async\" width=\"600\" height=\"600\" src=\"https:\/\/abicoffee.fi\/wp-content\/uploads\/2024\/11\/ABI-Coffee-Sidamo.jpg\" class=\"attachment-large size-large wp-image-63\" alt=\"\" srcset=\"https:\/\/abicoffee.fi\/wp-content\/uploads\/2024\/11\/ABI-Coffee-Sidamo.jpg 600w, https:\/\/abicoffee.fi\/wp-content\/uploads\/2024\/11\/ABI-Coffee-Sidamo-300x300.jpg 300w, https:\/\/abicoffee.fi\/wp-content\/uploads\/2024\/11\/ABI-Coffee-Sidamo-100x100.jpg 100w, https:\/\/abicoffee.fi\/wp-content\/uploads\/2024\/11\/ABI-Coffee-Sidamo-500x500.jpg 500w, https:\/\/abicoffee.fi\/wp-content\/uploads\/2024\/11\/ABI-Coffee-Sidamo-150x150.jpg 150w\" sizes=\"(max-width: 600px) 100vw, 600px\" \/>\t\t\t\t\t\t\t\t\t\t\t\t\t\t\t<\/div>\n\t\t\t\t<\/div>\n\t\t<div class=\"elementor-element elementor-element-a14be2a e-con-full e-flex e-con e-child\" data-id=\"a14be2a\" data-element_type=\"container\" data-e-type=\"container\" data-settings=\"{&quot;background_background&quot;:&quot;classic&quot;}\">\n\t\t\t\t<div class=\"elementor-element elementor-element-fd7f4d2 elementor-widget elementor-widget-heading\" data-id=\"fd7f4d2\" data-element_type=\"widget\" data-e-type=\"widget\" data-widget_type=\"heading.default\">\n\t\t\t\t<div class=\"elementor-widget-container\">\n\t\t\t\t\t<h3 class=\"elementor-heading-title elementor-size-default\">Growing area: Aleta, Bena<\/h3>\t\t\t\t<\/div>\n\t\t\t\t<\/div>\n\t\t\t\t<div class=\"elementor-element elementor-element-0b80e9d elementor-widget elementor-widget-text-editor\" data-id=\"0b80e9d\" data-element_type=\"widget\" data-e-type=\"widget\" data-widget_type=\"text-editor.default\">\n\t\t\t\t<div class=\"elementor-widget-container\">\n\t\t\t\t\t\t\t\t\t<p>Roasted coffee<\/p><p>Sold in packages: 250 g, 400 g, 1000 g<\/p>\t\t\t\t\t\t\t\t<\/div>\n\t\t\t\t<\/div>\n\t\t\t\t<div class=\"elementor-element elementor-element-9041f6d elementor-widget-divider--view-line elementor-widget elementor-widget-divider\" data-id=\"9041f6d\" data-element_type=\"widget\" data-e-type=\"widget\" data-widget_type=\"divider.default\">\n\t\t\t\t<div class=\"elementor-widget-container\">\n\t\t\t\t\t\t\t<div class=\"elementor-divider\">\n\t\t\t<span class=\"elementor-divider-separator\">\n\t\t\t\t\t\t<\/span>\n\t\t<\/div>\n\t\t\t\t\t\t<\/div>\n\t\t\t\t<\/div>\n\t\t\t\t<div class=\"elementor-element elementor-element-c7871e7 elementor-widget elementor-widget-text-editor\" data-id=\"c7871e7\" data-element_type=\"widget\" data-e-type=\"widget\" data-widget_type=\"text-editor.default\">\n\t\t\t\t<div class=\"elementor-widget-container\">\n\t\t\t\t\t\t\t\t\t<p>Roasted and ground filter coffee<\/p><p>Sold in packages: 250 g, 400 g, 1000 g<\/p>\t\t\t\t\t\t\t\t<\/div>\n\t\t\t\t<\/div>\n\t\t\t\t<\/div>\n\t\t<div class=\"elementor-element elementor-element-e7544c6 e-con-full e-flex e-con e-child\" data-id=\"e7544c6\" data-element_type=\"container\" data-e-type=\"container\" data-settings=\"{&quot;background_background&quot;:&quot;classic&quot;}\">\n\t\t\t\t<div class=\"elementor-element elementor-element-86b17b7 elementor-widget elementor-widget-heading\" data-id=\"86b17b7\" data-element_type=\"widget\" data-e-type=\"widget\" data-widget_type=\"heading.default\">\n\t\t\t\t<div class=\"elementor-widget-container\">\n\t\t\t\t\t<h3 class=\"elementor-heading-title elementor-size-default\">Sidamo<\/h3>\t\t\t\t<\/div>\n\t\t\t\t<\/div>\n\t\t\t\t<div class=\"elementor-element elementor-element-7f957e3 elementor-widget elementor-widget-text-editor\" data-id=\"7f957e3\" data-element_type=\"widget\" data-e-type=\"widget\" data-widget_type=\"text-editor.default\">\n\t\t\t\t<div class=\"elementor-widget-container\">\n\t\t\t\t\t\t\t\t\t<p>Sidamo<br \/><strong>Aroma:<\/strong> lemon with an dexceptionally rich taste<br \/><strong>Roast grades:<\/strong> medium and dark<\/p>\t\t\t\t\t\t\t\t<\/div>\n\t\t\t\t<\/div>\n\t\t\t\t<div class=\"elementor-element elementor-element-4d3b8ba elementor-widget elementor-widget-button\" data-id=\"4d3b8ba\" data-element_type=\"widget\" data-e-type=\"widget\" data-widget_type=\"button.default\">\n\t\t\t\t<div class=\"elementor-widget-container\">\n\t\t\t\t\t\t\t\t\t<div class=\"elementor-button-wrapper\">\n\t\t\t\t\t<a class=\"elementor-button elementor-button-link elementor-size-sm\" href=\"https:\/\/abicoffee.fi\/en\/yhteystiedot\/\">\n\t\t\t\t\t\t<span class=\"elementor-button-content-wrapper\">\n\t\t\t\t\t\t\t\t\t<span class=\"elementor-button-text\">Order here<\/span>\n\t\t\t\t\t<\/span>\n\t\t\t\t\t<\/a>\n\t\t\t\t<\/div>\n\t\t\t\t\t\t\t\t<\/div>\n\t\t\t\t<\/div>\n\t\t\t\t<\/div>\n\t\t\t\t<\/div>\n\t\t<div class=\"elementor-element elementor-element-972061e e-grid e-con-full e-con e-child\" data-id=\"972061e\" data-element_type=\"container\" data-e-type=\"container\">\n\t\t\t\t<div class=\"elementor-element elementor-element-9c99a73 elementor-widget elementor-widget-image\" data-id=\"9c99a73\" data-element_type=\"widget\" data-e-type=\"widget\" data-widget_type=\"image.default\">\n\t\t\t\t<div class=\"elementor-widget-container\">\n\t\t\t\t\t\t\t\t\t\t\t\t\t\t\t<img decoding=\"async\" width=\"600\" height=\"600\" src=\"https:\/\/abicoffee.fi\/wp-content\/uploads\/2024\/11\/ABI-Coffee-Guji.jpg\" class=\"attachment-large size-large wp-image-62\" alt=\"\" srcset=\"https:\/\/abicoffee.fi\/wp-content\/uploads\/2024\/11\/ABI-Coffee-Guji.jpg 600w, https:\/\/abicoffee.fi\/wp-content\/uploads\/2024\/11\/ABI-Coffee-Guji-300x300.jpg 300w, https:\/\/abicoffee.fi\/wp-content\/uploads\/2024\/11\/ABI-Coffee-Guji-100x100.jpg 100w, https:\/\/abicoffee.fi\/wp-content\/uploads\/2024\/11\/ABI-Coffee-Guji-500x500.jpg 500w, https:\/\/abicoffee.fi\/wp-content\/uploads\/2024\/11\/ABI-Coffee-Guji-150x150.jpg 150w\" sizes=\"(max-width: 600px) 100vw, 600px\" \/>\t\t\t\t\t\t\t\t\t\t\t\t\t\t\t<\/div>\n\t\t\t\t<\/div>\n\t\t<div class=\"elementor-element elementor-element-52a850b e-con-full e-flex e-con e-child\" data-id=\"52a850b\" data-element_type=\"container\" data-e-type=\"container\" data-settings=\"{&quot;background_background&quot;:&quot;classic&quot;}\">\n\t\t\t\t<div class=\"elementor-element elementor-element-d89db62 elementor-widget elementor-widget-heading\" data-id=\"d89db62\" data-element_type=\"widget\" data-e-type=\"widget\" data-widget_type=\"heading.default\">\n\t\t\t\t<div class=\"elementor-widget-container\">\n\t\t\t\t\t<h3 class=\"elementor-heading-title elementor-size-default\">Growing area: Gabicho Rogicha<\/h3>\t\t\t\t<\/div>\n\t\t\t\t<\/div>\n\t\t\t\t<div class=\"elementor-element elementor-element-dee24ca elementor-widget elementor-widget-text-editor\" data-id=\"dee24ca\" data-element_type=\"widget\" data-e-type=\"widget\" data-widget_type=\"text-editor.default\">\n\t\t\t\t<div class=\"elementor-widget-container\">\n\t\t\t\t\t\t\t\t\t<p>Roasted coffee<\/p><p>Sold in packages: 250 g, 400 g, 1000 g<\/p>\t\t\t\t\t\t\t\t<\/div>\n\t\t\t\t<\/div>\n\t\t\t\t<div class=\"elementor-element elementor-element-44741a8 elementor-widget-divider--view-line elementor-widget elementor-widget-divider\" data-id=\"44741a8\" data-element_type=\"widget\" data-e-type=\"widget\" data-widget_type=\"divider.default\">\n\t\t\t\t<div class=\"elementor-widget-container\">\n\t\t\t\t\t\t\t<div class=\"elementor-divider\">\n\t\t\t<span class=\"elementor-divider-separator\">\n\t\t\t\t\t\t<\/span>\n\t\t<\/div>\n\t\t\t\t\t\t<\/div>\n\t\t\t\t<\/div>\n\t\t\t\t<div class=\"elementor-element elementor-element-755489d elementor-widget elementor-widget-text-editor\" data-id=\"755489d\" data-element_type=\"widget\" data-e-type=\"widget\" data-widget_type=\"text-editor.default\">\n\t\t\t\t<div class=\"elementor-widget-container\">\n\t\t\t\t\t\t\t\t\t<p>Roasted and ground filter coffee<\/p><p>Sold in packages: 250 g, 400 g, 1000 g<\/p>\t\t\t\t\t\t\t\t<\/div>\n\t\t\t\t<\/div>\n\t\t\t\t<\/div>\n\t\t<div class=\"elementor-element elementor-element-47985ee e-con-full e-flex e-con e-child\" data-id=\"47985ee\" data-element_type=\"container\" data-e-type=\"container\" data-settings=\"{&quot;background_background&quot;:&quot;classic&quot;}\">\n\t\t\t\t<div class=\"elementor-element elementor-element-99f9535 elementor-widget elementor-widget-heading\" data-id=\"99f9535\" data-element_type=\"widget\" data-e-type=\"widget\" data-widget_type=\"heading.default\">\n\t\t\t\t<div class=\"elementor-widget-container\">\n\t\t\t\t\t<h3 class=\"elementor-heading-title elementor-size-default\">Guji<\/h3>\t\t\t\t<\/div>\n\t\t\t\t<\/div>\n\t\t\t\t<div class=\"elementor-element elementor-element-1329eb9 elementor-widget elementor-widget-text-editor\" data-id=\"1329eb9\" data-element_type=\"widget\" data-e-type=\"widget\" data-widget_type=\"text-editor.default\">\n\t\t\t\t<div class=\"elementor-widget-container\">\n\t\t\t\t\t\t\t\t\t<p>Guji<br \/><strong>Aroma:<\/strong> honey, lime, jasmine and cloudberry<br \/><strong>Roast grades:<\/strong> medium and dark<\/p>\t\t\t\t\t\t\t\t<\/div>\n\t\t\t\t<\/div>\n\t\t\t\t<div class=\"elementor-element elementor-element-f8a3fce elementor-widget elementor-widget-button\" data-id=\"f8a3fce\" data-element_type=\"widget\" data-e-type=\"widget\" data-widget_type=\"button.default\">\n\t\t\t\t<div class=\"elementor-widget-container\">\n\t\t\t\t\t\t\t\t\t<div class=\"elementor-button-wrapper\">\n\t\t\t\t\t<a class=\"elementor-button elementor-button-link elementor-size-sm\" href=\"https:\/\/abicoffee.fi\/en\/yhteystiedot\/\">\n\t\t\t\t\t\t<span class=\"elementor-button-content-wrapper\">\n\t\t\t\t\t\t\t\t\t<span class=\"elementor-button-text\">Order here<\/span>\n\t\t\t\t\t<\/span>\n\t\t\t\t\t<\/a>\n\t\t\t\t<\/div>\n\t\t\t\t\t\t\t\t<\/div>\n\t\t\t\t<\/div>\n\t\t\t\t<\/div>\n\t\t\t\t<\/div>\n\t\t<div class=\"elementor-element elementor-element-babe458 e-grid e-con-full e-con e-child\" data-id=\"babe458\" data-element_type=\"container\" data-e-type=\"container\">\n\t\t\t\t<div class=\"elementor-element elementor-element-f6b2fe8 elementor-widget elementor-widget-image\" data-id=\"f6b2fe8\" data-element_type=\"widget\" data-e-type=\"widget\" data-widget_type=\"image.default\">\n\t\t\t\t<div class=\"elementor-widget-container\">\n\t\t\t\t\t\t\t\t\t\t\t\t\t\t\t<img decoding=\"async\" width=\"600\" height=\"600\" src=\"https:\/\/abicoffee.fi\/wp-content\/uploads\/2024\/11\/ABI-Coffee-Yirgacheffe.jpg\" class=\"attachment-large size-large wp-image-64\" alt=\"\" srcset=\"https:\/\/abicoffee.fi\/wp-content\/uploads\/2024\/11\/ABI-Coffee-Yirgacheffe.jpg 600w, https:\/\/abicoffee.fi\/wp-content\/uploads\/2024\/11\/ABI-Coffee-Yirgacheffe-300x300.jpg 300w, https:\/\/abicoffee.fi\/wp-content\/uploads\/2024\/11\/ABI-Coffee-Yirgacheffe-100x100.jpg 100w, https:\/\/abicoffee.fi\/wp-content\/uploads\/2024\/11\/ABI-Coffee-Yirgacheffe-500x500.jpg 500w, https:\/\/abicoffee.fi\/wp-content\/uploads\/2024\/11\/ABI-Coffee-Yirgacheffe-150x150.jpg 150w\" sizes=\"(max-width: 600px) 100vw, 600px\" \/>\t\t\t\t\t\t\t\t\t\t\t\t\t\t\t<\/div>\n\t\t\t\t<\/div>\n\t\t<div class=\"elementor-element elementor-element-c9e7970 e-con-full e-flex e-con e-child\" data-id=\"c9e7970\" data-element_type=\"container\" data-e-type=\"container\" data-settings=\"{&quot;background_background&quot;:&quot;classic&quot;}\">\n\t\t\t\t<div class=\"elementor-element elementor-element-bd85bb0 elementor-widget elementor-widget-heading\" data-id=\"bd85bb0\" data-element_type=\"widget\" data-e-type=\"widget\" data-widget_type=\"heading.default\">\n\t\t\t\t<div class=\"elementor-widget-container\">\n\t\t\t\t\t<h3 class=\"elementor-heading-title elementor-size-default\">Growing area: Gedeb<\/h3>\t\t\t\t<\/div>\n\t\t\t\t<\/div>\n\t\t\t\t<div class=\"elementor-element elementor-element-5ecca25 elementor-widget elementor-widget-text-editor\" data-id=\"5ecca25\" data-element_type=\"widget\" data-e-type=\"widget\" data-widget_type=\"text-editor.default\">\n\t\t\t\t<div class=\"elementor-widget-container\">\n\t\t\t\t\t\t\t\t\t<p>Roasted coffee<\/p><p>Sold in packages: 250 g, 400 g, 1000 g<\/p>\t\t\t\t\t\t\t\t<\/div>\n\t\t\t\t<\/div>\n\t\t\t\t<div class=\"elementor-element elementor-element-6630bd0 elementor-widget-divider--view-line elementor-widget elementor-widget-divider\" data-id=\"6630bd0\" data-element_type=\"widget\" data-e-type=\"widget\" data-widget_type=\"divider.default\">\n\t\t\t\t<div class=\"elementor-widget-container\">\n\t\t\t\t\t\t\t<div class=\"elementor-divider\">\n\t\t\t<span class=\"elementor-divider-separator\">\n\t\t\t\t\t\t<\/span>\n\t\t<\/div>\n\t\t\t\t\t\t<\/div>\n\t\t\t\t<\/div>\n\t\t\t\t<div class=\"elementor-element elementor-element-a608fb3 elementor-widget elementor-widget-text-editor\" data-id=\"a608fb3\" data-element_type=\"widget\" data-e-type=\"widget\" data-widget_type=\"text-editor.default\">\n\t\t\t\t<div class=\"elementor-widget-container\">\n\t\t\t\t\t\t\t\t\t<p>Roasted and ground filter coffee<\/p><p>Sold in packages: 250 g, 400 g, 1000 g<\/p>\t\t\t\t\t\t\t\t<\/div>\n\t\t\t\t<\/div>\n\t\t\t\t<\/div>\n\t\t<div class=\"elementor-element elementor-element-d5aed42 e-con-full e-flex e-con e-child\" data-id=\"d5aed42\" data-element_type=\"container\" data-e-type=\"container\" data-settings=\"{&quot;background_background&quot;:&quot;classic&quot;}\">\n\t\t\t\t<div class=\"elementor-element elementor-element-a3f6853 elementor-widget elementor-widget-heading\" data-id=\"a3f6853\" data-element_type=\"widget\" data-e-type=\"widget\" data-widget_type=\"heading.default\">\n\t\t\t\t<div class=\"elementor-widget-container\">\n\t\t\t\t\t<h3 class=\"elementor-heading-title elementor-size-default\">Yirgacheffe<\/h3>\t\t\t\t<\/div>\n\t\t\t\t<\/div>\n\t\t\t\t<div class=\"elementor-element elementor-element-7ced32f elementor-widget elementor-widget-text-editor\" data-id=\"7ced32f\" data-element_type=\"widget\" data-e-type=\"widget\" data-widget_type=\"text-editor.default\">\n\t\t\t\t<div class=\"elementor-widget-container\">\n\t\t\t\t\t\t\t\t\t<p>Yirgacheffe<br \/><strong>Aroma:<\/strong> flowers, berries, and wine<br \/><strong>Roast grades:<\/strong> medium and dark<\/p>\t\t\t\t\t\t\t\t<\/div>\n\t\t\t\t<\/div>\n\t\t\t\t<div class=\"elementor-element elementor-element-eea9386 elementor-widget elementor-widget-button\" data-id=\"eea9386\" data-element_type=\"widget\" data-e-type=\"widget\" data-widget_type=\"button.default\">\n\t\t\t\t<div class=\"elementor-widget-container\">\n\t\t\t\t\t\t\t\t\t<div class=\"elementor-button-wrapper\">\n\t\t\t\t\t<a class=\"elementor-button elementor-button-link elementor-size-sm\" href=\"https:\/\/abicoffee.fi\/en\/yhteystiedot\/\">\n\t\t\t\t\t\t<span class=\"elementor-button-content-wrapper\">\n\t\t\t\t\t\t\t\t\t<span class=\"elementor-button-text\">Order here<\/span>\n\t\t\t\t\t<\/span>\n\t\t\t\t\t<\/a>\n\t\t\t\t<\/div>\n\t\t\t\t\t\t\t\t<\/div>\n\t\t\t\t<\/div>\n\t\t\t\t<\/div>\n\t\t\t\t<\/div>\n\t\t\t\t\t<\/div>\n\t\t\t\t<\/div>\n\t\t\t\t<\/div>","protected":false},"excerpt":{"rendered":"<p>KAHVIMME 100 % luonnollista etiopialaista kahvia suoraan viljelij\u00f6ilt\u00e4 Abi Coffee on huippulaatua! Tuomme vihre\u00e4t kahvipavut suoraan viljelij\u00f6ilt\u00e4 Etiopiasta Suomeen ilman v\u00e4lik\u00e4si\u00e4, mik\u00e4 mahdollistaa paitsi erinomaisen makuel\u00e4myksen my\u00f6s kest\u00e4v\u00e4n ja reilun kahvintuotannon. Kahvimme alkuper\u00e4 on t\u00e4ysin j\u00e4ljitett\u00e4viss\u00e4 ja pavut kasvatetaan Etel\u00e4-Etiopiassa. Kahvilajike on Heirloom, ja valikoimastamme l\u00f6ytyy kolme erilaista kahvilaatua: Sidamo, Guji ja Yirgacheffe, joilla kaikilla [&hellip;]<\/p>\n","protected":false},"author":4,"featured_media":0,"parent":0,"menu_order":0,"comment_status":"closed","ping_status":"closed","template":"","meta":{"footnotes":""},"class_list":["post-112","page","type-page","status-publish","hentry"],"blocksy_meta":[],"_links":{"self":[{"href":"https:\/\/abicoffee.fi\/en\/wp-json\/wp\/v2\/pages\/112","targetHints":{"allow":["GET"]}}],"collection":[{"href":"https:\/\/abicoffee.fi\/en\/wp-json\/wp\/v2\/pages"}],"about":[{"href":"https:\/\/abicoffee.fi\/en\/wp-json\/wp\/v2\/types\/page"}],"author":[{"embeddable":true,"href":"https:\/\/abicoffee.fi\/en\/wp-json\/wp\/v2\/users\/4"}],"replies":[{"embeddable":true,"href":"https:\/\/abicoffee.fi\/en\/wp-json\/wp\/v2\/comments?post=112"}],"version-history":[{"count":20,"href":"https:\/\/abicoffee.fi\/en\/wp-json\/wp\/v2\/pages\/112\/revisions"}],"predecessor-version":[{"id":540,"href":"https:\/\/abicoffee.fi\/en\/wp-json\/wp\/v2\/pages\/112\/revisions\/540"}],"wp:attachment":[{"href":"https:\/\/abicoffee.fi\/en\/wp-json\/wp\/v2\/media?parent=112"}],"curies":[{"name":"wp","href":"https:\/\/api.w.org\/{rel}","templated":true}]}}